{"id":4439,"date":"2021-10-12T16:27:24","date_gmt":"2021-10-12T16:27:24","guid":{"rendered":"http:\/\/dummy.xtemos.com\/woodmart2\/elementor\/?page_id=4439"},"modified":"2026-03-13T12:27:08","modified_gmt":"2026-03-13T12:27:08","slug":"iletisim","status":"publish","type":"page","link":"https:\/\/www.twinlion.com.tr\/en\/iletisim\/","title":{"rendered":"Contact"},"content":{"rendered":"<div data-elementor-type=\"wp-page\" data-elementor-id=\"4439\" class=\"elementor elementor-4439\">\n\t\t\t\t<div class=\"wd-negative-gap elementor-element elementor-element-19614d72 e-flex e-con-boxed e-con e-parent\" data-id=\"19614d72\" data-element_type=\"container\" data-e-type=\"container\">\n\t\t\t\t\t<div class=\"e-con-inner\">\n\t\t<div class=\"elementor-element elementor-element-43db0c35 e-con-full e-flex e-con e-child\" data-id=\"43db0c35\" data-element_type=\"container\" data-e-type=\"container\">\n\t\t\t\t<div class=\"elementor-element elementor-element-6a7c165 elementor-widget elementor-widget-html\" data-id=\"6a7c165\" data-element_type=\"widget\" data-e-type=\"widget\" data-widget_type=\"html.default\">\n\t\t\t\t\t<iframe src=\"https:\/\/www.google.com\/maps\/embed?pb=!1m18!1m12!1m3!1d3047.613280749031!2d29.100023776194305!3d40.195418969079086!2m3!1f0!2f0!3f0!3m2!1i1024!2i768!4f13.1!3m3!1m2!1s0x14ca3f3e8242d719%3A0x8447f61d52eecfe7!2sTWINLION!5e0!3m2!1str!2str!4v1772203288621!5m2!1str!2str\" width=\"600\" height=\"450\" style=\"border:0;\" allowfullscreen=\"\" loading=\"lazy\" referrerpolicy=\"no-referrer-when-downgrade\"><\/iframe>\t\t\t\t<\/div>\n\t\t\t\t<\/div>\n\t\t<div class=\"elementor-element elementor-element-f5a2e6b e-con-full e-flex e-con e-child\" data-id=\"f5a2e6b\" data-element_type=\"container\" data-e-type=\"container\">\n\t\t\t\t<div class=\"elementor-element elementor-element-17455d97 wd-width-100 elementor-widget elementor-widget-wd_title\" data-id=\"17455d97\" data-element_type=\"widget\" data-e-type=\"widget\" data-widget_type=\"wd_title.default\">\n\t\t\t\t<div class=\"elementor-widget-container\">\n\t\t\t\t\t\t\t<div class=\"title-wrapper wd-set-mb reset-last-child wd-title-color-primary wd-title-style-default wd-title-size-large text-left\">\n\n\t\t\t\t\t\t\t\t\t\t\t<div class=\"title-subtitle subtitle-color-primary subtitle-style-background wd-fontsize-xs\">\n\t\t\t\t\tContact Us\t\t\t\t<\/div>\n\t\t\t\n\t\t\t<div class=\"liner-continer\">\n\t\t\t\t<h4 class=\"woodmart-title-container title wd-fontsize-xxl\">Contact Addresses<\/h4> \n\t\t\t\t\t\t\t<\/div>\n\n\t\t\t\t\t<\/div>\n\t\t\t\t\t\t<\/div>\n\t\t\t\t<\/div>\n\t\t<div class=\"elementor-element elementor-element-6994a412 e-con-full e-flex e-con e-child\" data-id=\"6994a412\" data-element_type=\"container\" data-e-type=\"container\">\n\t\t<div class=\"elementor-element elementor-element-7840e369 e-con-full e-flex e-con e-child\" data-id=\"7840e369\" data-element_type=\"container\" data-e-type=\"container\">\n\t\t\t\t<div class=\"elementor-element elementor-element-d21caba wd-width-100 elementor-widget elementor-widget-wd_title\" data-id=\"d21caba\" data-element_type=\"widget\" data-e-type=\"widget\" data-widget_type=\"wd_title.default\">\n\t\t\t\t<div class=\"elementor-widget-container\">\n\t\t\t\t\t\t\t<div class=\"title-wrapper wd-set-mb reset-last-child wd-title-color-default wd-title-style-default wd-title-size-default text-left\">\n\n\t\t\t\n\t\t\t<div class=\"liner-continer\">\n\t\t\t\t<h4 class=\"woodmart-title-container title wd-fontsize-l\">ADDRESS<\/h4> \n\t\t\t\t\t\t\t<\/div>\n\n\t\t\t\t\t<\/div>\n\t\t\t\t\t\t<\/div>\n\t\t\t\t<\/div>\n\t\t\t\t<div class=\"elementor-element elementor-element-758fc36 elementor-widget elementor-widget-wd_text_block\" data-id=\"758fc36\" data-element_type=\"widget\" data-e-type=\"widget\" data-widget_type=\"wd_text_block.default\">\n\t\t\t\t<div class=\"elementor-widget-container\">\n\t\t\t\t\t\t\t<div class=\"wd-text-block reset-last-child text-left\">\n\t\t\t\n\t\t\t<p>Duac\u0131nar\u0131 Mah. 5. Er Sk. No: 9,<br \/>Visne Trade Center (Vi\u015fne Ticaret B\u00f6lgesi),<br \/><b>Y\u0131ld\u0131r\u0131m \/ Bursa, T\u00fcrkiye<\/b><\/p>\n\t\t\t\t\t<\/div>\n\t\t\t\t\t\t<\/div>\n\t\t\t\t<\/div>\n\t\t\t\t<div class=\"elementor-element elementor-element-9bc59f4 wd-width-100 elementor-widget elementor-widget-wd_title\" data-id=\"9bc59f4\" data-element_type=\"widget\" data-e-type=\"widget\" data-widget_type=\"wd_title.default\">\n\t\t\t\t<div class=\"elementor-widget-container\">\n\t\t\t\t\t\t\t<div class=\"title-wrapper wd-set-mb reset-last-child wd-title-color-default wd-title-style-default wd-title-size-default text-left\">\n\n\t\t\t\n\t\t\t<div class=\"liner-continer\">\n\t\t\t\t<h4 class=\"woodmart-title-container title wd-fontsize-l\">SOCIAL MEDIA ADDRESSES<\/h4> \n\t\t\t\t\t\t\t<\/div>\n\n\t\t\t\t\t<\/div>\n\t\t\t\t\t\t<\/div>\n\t\t\t\t<\/div>\n\t\t\t\t<div class=\"elementor-element elementor-element-5481428 elementor-widget elementor-widget-wd_social_buttons\" data-id=\"5481428\" data-element_type=\"widget\" data-e-type=\"widget\" data-widget_type=\"wd_social_buttons.default\">\n\t\t\t\t<div class=\"elementor-widget-container\">\n\t\t\t\t\t\t\t\t<div\n\t\t\t\t\t\tclass=\"wd-social-icons wd-style-primary wd-size-default social-follow wd-shape-circle color-scheme-dark text-left\">\n\t\t\t\t\n\t\t\t\t\n\t\t\t\t\n\t\t\t\t\n\t\t\t\t\n\t\t\t\t\n\t\t\t\t\t\t\t\t\t<a rel=\"noopener noreferrer nofollow\" href=\"https:\/\/www.instagram.com\/twinlionofficial\" target=\"_blank\" class=\"wd-social-icon social-instagram\" aria-label=\"Instagram social link\">\n\t\t\t\t\t\t<span class=\"wd-icon\"><\/span>\n\t\t\t\t\t\t\t\t\t\t\t<\/a>\n\t\t\t\t\n\t\t\t\t\n\t\t\t\t\n\t\t\t\t\n\t\t\t\t\n\t\t\t\t\n\t\t\t\t\n\t\t\t\t\n\t\t\t\t\n\t\t\t\t\n\t\t\t\t\n\t\t\t\t\n\t\t\t\t\n\t\t\t\t\n\t\t\t\t\t\t\t\t\t<a rel=\"noopener noreferrer nofollow\" href=\"https:\/\/wa.me\/905058657716\" target=\"_blank\" class=\"wd-hide-md wd-social-icon social-whatsapp\" aria-label=\"WhatsApp social link\">\n\t\t\t\t\t\t<span class=\"wd-icon\"><\/span>\n\t\t\t\t\t\t\t\t\t\t\t<\/a>\n\n\t\t\t\t\t<a rel=\"noopener noreferrer nofollow\" href=\"https:\/\/wa.me\/905058657716\" target=\"_blank\" class=\"wd-hide-lg wd-social-icon social-whatsapp\" aria-label=\"WhatsApp social link\">\n\t\t\t\t\t\t<span class=\"wd-icon\"><\/span>\n\t\t\t\t\t\t\t\t\t\t\t<\/a>\n\t\t\t\t\n\t\t\t\t\n\t\t\t\t\n\t\t\t\t\n\t\t\t\t\n\t\t\t\t\n\t\t\t\t\t\t\t\t\t<a rel=\"noopener noreferrer nofollow\" href=\"https:\/\/l.instagram.com\/?u=httpst.me7mO1-FZir8QwZDE0utm_sourceigutm_mediumsocialutm_contentlink_in_biofbclidPAZXh0bgNhZW0CMTEAc3J0YwZhcHBfaWQMMjU2MjgxMDQwNTU4AAGn7MC7FqmQ-sCqMBzN3uftTraPaZ9AoKCSZK_5WPAmveBH8Z0RYF2nyaPrHZE_aem_vk9Kwd8uqx33GBFNVd6TmQ&amp;e=AT2uRgoFCTB1_5nfKv_I15FA5KLhJhlkFKc1hAts5ghJRqz2JSZIUf8t6a5TBwbdVZbaow2o02isC9oRlkxPgIhkqGOpPgDeMsEOvjrL9Q\" target=\"_blank\" class=\"wd-social-icon social-tg\" aria-label=\"Telegram social link\">\n\t\t\t\t\t\t<span class=\"wd-icon\"><\/span>\n\t\t\t\t\t\t\t\t\t\t\t<\/a>\n\t\t\t\t\n\t\t\t\t\n\t\t\t<\/div>\n\n\t\t\t\t\t\t<\/div>\n\t\t\t\t<\/div>\n\t\t\t\t<\/div>\n\t\t<div class=\"elementor-element elementor-element-67a4eadc e-con-full e-flex e-con e-child\" data-id=\"67a4eadc\" data-element_type=\"container\" data-e-type=\"container\">\n\t\t\t\t<div class=\"elementor-element elementor-element-64268b9 wd-width-100 elementor-widget elementor-widget-wd_title\" data-id=\"64268b9\" data-element_type=\"widget\" data-e-type=\"widget\" data-widget_type=\"wd_title.default\">\n\t\t\t\t<div class=\"elementor-widget-container\">\n\t\t\t\t\t\t\t<div class=\"title-wrapper wd-set-mb reset-last-child wd-title-color-default wd-title-style-default wd-title-size-default text-left\">\n\n\t\t\t\n\t\t\t<div class=\"liner-continer\">\n\t\t\t\t<h4 class=\"woodmart-title-container title wd-fontsize-l\">E-MAIL<\/h4> \n\t\t\t\t\t\t\t<\/div>\n\n\t\t\t\t\t<\/div>\n\t\t\t\t\t\t<\/div>\n\t\t\t\t<\/div>\n\t\t\t\t<div class=\"elementor-element elementor-element-d2e708e elementor-widget elementor-widget-wd_text_block\" data-id=\"d2e708e\" data-element_type=\"widget\" data-e-type=\"widget\" data-widget_type=\"wd_text_block.default\">\n\t\t\t\t<div class=\"elementor-widget-container\">\n\t\t\t\t\t\t\t<div class=\"wd-text-block reset-last-child text-left\">\n\t\t\t\n\t\t\t<p><strong>muhasebe<\/strong>@twinlion.com.tr<br \/><strong>info<\/strong>@twinlion.com.tr<\/p>\n\t\t\t\t\t<\/div>\n\t\t\t\t\t\t<\/div>\n\t\t\t\t<\/div>\n\t\t\t\t<div class=\"elementor-element elementor-element-610fcbc wd-width-100 elementor-widget elementor-widget-wd_title\" data-id=\"610fcbc\" data-element_type=\"widget\" data-e-type=\"widget\" data-widget_type=\"wd_title.default\">\n\t\t\t\t<div class=\"elementor-widget-container\">\n\t\t\t\t\t\t\t<div class=\"title-wrapper wd-set-mb reset-last-child wd-title-color-default wd-title-style-default wd-title-size-default text-left\">\n\n\t\t\t\n\t\t\t<div class=\"liner-continer\">\n\t\t\t\t<h4 class=\"woodmart-title-container title wd-fontsize-l\">TELEPHONE<\/h4> \n\t\t\t\t\t\t\t<\/div>\n\n\t\t\t\t\t<\/div>\n\t\t\t\t\t\t<\/div>\n\t\t\t\t<\/div>\n\t\t\t\t<div class=\"elementor-element elementor-element-6e1cb75d elementor-widget elementor-widget-wd_text_block\" data-id=\"6e1cb75d\" data-element_type=\"widget\" data-e-type=\"widget\" data-widget_type=\"wd_text_block.default\">\n\t\t\t\t<div class=\"elementor-widget-container\">\n\t\t\t\t\t\t\t<div class=\"wd-text-block reset-last-child text-left color-primary\">\n\t\t\t\n\t\t\t<p>+90 <strong>224<\/strong> 267 16 16<\/p><p>+90 <strong>505<\/strong> 865 77 16<\/p>\n\t\t\t\t\t<\/div>\n\t\t\t\t\t\t<\/div>\n\t\t\t\t<\/div>\n\t\t\t\t<\/div>\n\t\t\t\t<\/div>\n\t\t\t\t<\/div>\n\t\t\t\t\t<\/div>\n\t\t\t\t<\/div>\n\t\t\t\t<\/div>","protected":false},"excerpt":{"rendered":"<p>Bizimle \u0130leti\u015fime Ge\u00e7in \u0130leti\u015fim Adreslerimiz ADRES Dua\u00e7\u0131nar\u0131 Mah. 5. Er Sk. No: 9,Vi\u015fne Ticaret B\u00f6lgesiY\u0131ld\u0131r\u0131m\/Bursa SOSYAL MEDYA ADRESLER\u0130M\u0130Z E-POSTA muhasebe@twinlion.com.trinfo@twinlion.com.tr<\/p>","protected":false},"author":1,"featured_media":0,"parent":0,"menu_order":0,"comment_status":"closed","ping_status":"closed","template":"","meta":{"footnotes":""},"class_list":["post-4439","page","type-page","status-publish","hentry"],"yoast_head":"<!-- This site is optimized with the Yoast SEO plugin v27.1.1 - https:\/\/yoast.com\/product\/yoast-seo-wordpress\/ -->\n<title>\u0130leti\u015fim | Twin Lion Erkek Giyim \u2013 Bursa<\/title>\n<meta name=\"description\" content=\"Twin Lion ile ileti\u015fime ge\u00e7in. \u00dcretim s\u00fcre\u00e7lerimiz, sipari\u015f ve i\u015f birlikleri hakk\u0131nda bilgi almak i\u00e7in bize ula\u015f\u0131n.\" \/>\n<meta name=\"robots\" content=\"index, follow, max-snippet:-1, max-image-preview:large, max-video-preview:-1\" \/>\n<link rel=\"canonical\" href=\"https:\/\/www.twinlion.com.tr\/en\/iletisim\/\" \/>\n<meta property=\"og:locale\" content=\"en_GB\" \/>\n<meta property=\"og:type\" content=\"article\" \/>\n<meta property=\"og:title\" content=\"\u0130leti\u015fim | Twin Lion Erkek Giyim \u2013 Bursa\" \/>\n<meta property=\"og:description\" content=\"Twin Lion ile ileti\u015fime ge\u00e7in. \u00dcretim s\u00fcre\u00e7lerimiz, sipari\u015f ve i\u015f birlikleri hakk\u0131nda bilgi almak i\u00e7in bize ula\u015f\u0131n.\" \/>\n<meta property=\"og:url\" content=\"https:\/\/www.twinlion.com.tr\/en\/iletisim\/\" \/>\n<meta property=\"og:site_name\" content=\"Twinlion\" \/>\n<meta property=\"article:modified_time\" content=\"2026-03-13T12:27:08+00:00\" \/>\n<meta property=\"og:image\" content=\"https:\/\/www.twinlion.com.tr\/wp-content\/uploads\/2026\/03\/hakkimizdbg.jpg\" \/>\n\t<meta property=\"og:image:width\" content=\"2048\" \/>\n\t<meta property=\"og:image:height\" content=\"960\" \/>\n\t<meta property=\"og:image:type\" content=\"image\/jpeg\" \/>\n<meta name=\"twitter:card\" content=\"summary_large_image\" \/>\n<meta name=\"twitter:label1\" content=\"Estimated reading time\" \/>\n\t<meta name=\"twitter:data1\" content=\"1 minute\" \/>\n<script type=\"application\/ld+json\" class=\"yoast-schema-graph\">{\"@context\":\"https:\/\/schema.org\",\"@graph\":[{\"@type\":\"WebPage\",\"@id\":\"https:\/\/www.twinlion.com.tr\/iletisim\/\",\"url\":\"https:\/\/www.twinlion.com.tr\/iletisim\/\",\"name\":\"\u0130leti\u015fim | Twin Lion Erkek Giyim \u2013 Bursa\",\"isPartOf\":{\"@id\":\"https:\/\/www.twinlion.com.tr\/#website\"},\"datePublished\":\"2021-10-12T16:27:24+00:00\",\"dateModified\":\"2026-03-13T12:27:08+00:00\",\"description\":\"Twin Lion ile ileti\u015fime ge\u00e7in. \u00dcretim s\u00fcre\u00e7lerimiz, sipari\u015f ve i\u015f birlikleri hakk\u0131nda bilgi almak i\u00e7in bize ula\u015f\u0131n.\",\"breadcrumb\":{\"@id\":\"https:\/\/www.twinlion.com.tr\/iletisim\/#breadcrumb\"},\"inLanguage\":\"en-GB\",\"potentialAction\":[{\"@type\":\"ReadAction\",\"target\":[\"https:\/\/www.twinlion.com.tr\/iletisim\/\"]}]},{\"@type\":\"BreadcrumbList\",\"@id\":\"https:\/\/www.twinlion.com.tr\/iletisim\/#breadcrumb\",\"itemListElement\":[{\"@type\":\"ListItem\",\"position\":1,\"name\":\"Anasayfa\",\"item\":\"https:\/\/www.twinlion.com.tr\/\"},{\"@type\":\"ListItem\",\"position\":2,\"name\":\"\u0130leti\u015fim\"}]},{\"@type\":\"WebSite\",\"@id\":\"https:\/\/www.twinlion.com.tr\/#website\",\"url\":\"https:\/\/www.twinlion.com.tr\/\",\"name\":\"Twin Lion\",\"description\":\"Toptan Sat\u0131\u015f \/ Wholesale\",\"publisher\":{\"@id\":\"https:\/\/www.twinlion.com.tr\/#organization\"},\"potentialAction\":[{\"@type\":\"SearchAction\",\"target\":{\"@type\":\"EntryPoint\",\"urlTemplate\":\"https:\/\/www.twinlion.com.tr\/?s={search_term_string}\"},\"query-input\":{\"@type\":\"PropertyValueSpecification\",\"valueRequired\":true,\"valueName\":\"search_term_string\"}}],\"inLanguage\":\"en-GB\"},{\"@type\":\"Organization\",\"@id\":\"https:\/\/www.twinlion.com.tr\/#organization\",\"name\":\"Twin Lion\",\"url\":\"https:\/\/www.twinlion.com.tr\/\",\"logo\":{\"@type\":\"ImageObject\",\"inLanguage\":\"en-GB\",\"@id\":\"https:\/\/www.twinlion.com.tr\/#\/schema\/logo\/image\/\",\"url\":\"https:\/\/www.twinlion.com.tr\/wp-content\/uploads\/2026\/03\/twin-lion-logo-new2.png\",\"contentUrl\":\"https:\/\/www.twinlion.com.tr\/wp-content\/uploads\/2026\/03\/twin-lion-logo-new2.png\",\"width\":1000,\"height\":700,\"caption\":\"Twin Lion\"},\"image\":{\"@id\":\"https:\/\/www.twinlion.com.tr\/#\/schema\/logo\/image\/\"},\"sameAs\":[\"https:\/\/www.instagram.com\/twinlionofficial\",\"https:\/\/l.instagram.com\/?u=httpst.me7mO1-FZir8QwZDE0utm_sourceigutm_mediumsocialutm_contentlink_in_biofbclidPAZXh0bgNhZW0CMTEAc3J0YwZhcHBfaWQMMjU2MjgxMDQwNTU4AAGn7MC7FqmQ-sCqMBzN3uftTraPaZ9AoKCSZK_5WPAmveBH8Z0RYF2nyaPrHZE_aem_vk9Kwd8uqx33GBFNVd6TmQ&e=AT2uRgoFCTB1_5nfKv_I15FA5KLhJhlkFKc1hAts5ghJRqz2JSZIUf8t6a5TBwbdVZbaow2o02isC9oRlkxPgIhkqGOpPgDeMsEOvjrL9Q\"]}]}<\/script>\n<!-- \/ Yoast SEO plugin. -->","yoast_head_json":{"title":"\u0130leti\u015fim | Twin Lion Erkek Giyim \u2013 Bursa","description":"Twin Lion ile ileti\u015fime ge\u00e7in. \u00dcretim s\u00fcre\u00e7lerimiz, sipari\u015f ve i\u015f birlikleri hakk\u0131nda bilgi almak i\u00e7in bize ula\u015f\u0131n.","robots":{"index":"index","follow":"follow","max-snippet":"max-snippet:-1","max-image-preview":"max-image-preview:large","max-video-preview":"max-video-preview:-1"},"canonical":"https:\/\/www.twinlion.com.tr\/en\/iletisim\/","og_locale":"en_GB","og_type":"article","og_title":"\u0130leti\u015fim | Twin Lion Erkek Giyim \u2013 Bursa","og_description":"Twin Lion ile ileti\u015fime ge\u00e7in. \u00dcretim s\u00fcre\u00e7lerimiz, sipari\u015f ve i\u015f birlikleri hakk\u0131nda bilgi almak i\u00e7in bize ula\u015f\u0131n.","og_url":"https:\/\/www.twinlion.com.tr\/en\/iletisim\/","og_site_name":"Twinlion","article_modified_time":"2026-03-13T12:27:08+00:00","og_image":[{"width":2048,"height":960,"url":"https:\/\/www.twinlion.com.tr\/wp-content\/uploads\/2026\/03\/hakkimizdbg.jpg","type":"image\/jpeg"}],"twitter_card":"summary_large_image","twitter_misc":{"Estimated reading time":"1 minute"},"schema":{"@context":"https:\/\/schema.org","@graph":[{"@type":"WebPage","@id":"https:\/\/www.twinlion.com.tr\/iletisim\/","url":"https:\/\/www.twinlion.com.tr\/iletisim\/","name":"\u0130leti\u015fim | Twin Lion Erkek Giyim \u2013 Bursa","isPartOf":{"@id":"https:\/\/www.twinlion.com.tr\/#website"},"datePublished":"2021-10-12T16:27:24+00:00","dateModified":"2026-03-13T12:27:08+00:00","description":"Twin Lion ile ileti\u015fime ge\u00e7in. \u00dcretim s\u00fcre\u00e7lerimiz, sipari\u015f ve i\u015f birlikleri hakk\u0131nda bilgi almak i\u00e7in bize ula\u015f\u0131n.","breadcrumb":{"@id":"https:\/\/www.twinlion.com.tr\/iletisim\/#breadcrumb"},"inLanguage":"en-GB","potentialAction":[{"@type":"ReadAction","target":["https:\/\/www.twinlion.com.tr\/iletisim\/"]}]},{"@type":"BreadcrumbList","@id":"https:\/\/www.twinlion.com.tr\/iletisim\/#breadcrumb","itemListElement":[{"@type":"ListItem","position":1,"name":"Anasayfa","item":"https:\/\/www.twinlion.com.tr\/"},{"@type":"ListItem","position":2,"name":"\u0130leti\u015fim"}]},{"@type":"WebSite","@id":"https:\/\/www.twinlion.com.tr\/#website","url":"https:\/\/www.twinlion.com.tr\/","name":"Twin Lion","description":"Toptan Sat\u0131\u015f \/ Wholesale","publisher":{"@id":"https:\/\/www.twinlion.com.tr\/#organization"},"potentialAction":[{"@type":"SearchAction","target":{"@type":"EntryPoint","urlTemplate":"https:\/\/www.twinlion.com.tr\/?s={search_term_string}"},"query-input":{"@type":"PropertyValueSpecification","valueRequired":true,"valueName":"search_term_string"}}],"inLanguage":"en-GB"},{"@type":"Organization","@id":"https:\/\/www.twinlion.com.tr\/#organization","name":"Twin Lion","url":"https:\/\/www.twinlion.com.tr\/","logo":{"@type":"ImageObject","inLanguage":"en-GB","@id":"https:\/\/www.twinlion.com.tr\/#\/schema\/logo\/image\/","url":"https:\/\/www.twinlion.com.tr\/wp-content\/uploads\/2026\/03\/twin-lion-logo-new2.png","contentUrl":"https:\/\/www.twinlion.com.tr\/wp-content\/uploads\/2026\/03\/twin-lion-logo-new2.png","width":1000,"height":700,"caption":"Twin Lion"},"image":{"@id":"https:\/\/www.twinlion.com.tr\/#\/schema\/logo\/image\/"},"sameAs":["https:\/\/www.instagram.com\/twinlionofficial","https:\/\/l.instagram.com\/?u=httpst.me7mO1-FZir8QwZDE0utm_sourceigutm_mediumsocialutm_contentlink_in_biofbclidPAZXh0bgNhZW0CMTEAc3J0YwZhcHBfaWQMMjU2MjgxMDQwNTU4AAGn7MC7FqmQ-sCqMBzN3uftTraPaZ9AoKCSZK_5WPAmveBH8Z0RYF2nyaPrHZE_aem_vk9Kwd8uqx33GBFNVd6TmQ&e=AT2uRgoFCTB1_5nfKv_I15FA5KLhJhlkFKc1hAts5ghJRqz2JSZIUf8t6a5TBwbdVZbaow2o02isC9oRlkxPgIhkqGOpPgDeMsEOvjrL9Q"]}]}},"_links":{"self":[{"href":"https:\/\/www.twinlion.com.tr\/en\/wp-json\/wp\/v2\/pages\/4439","targetHints":{"allow":["GET"]}}],"collection":[{"href":"https:\/\/www.twinlion.com.tr\/en\/wp-json\/wp\/v2\/pages"}],"about":[{"href":"https:\/\/www.twinlion.com.tr\/en\/wp-json\/wp\/v2\/types\/page"}],"author":[{"embeddable":true,"href":"https:\/\/www.twinlion.com.tr\/en\/wp-json\/wp\/v2\/users\/1"}],"replies":[{"embeddable":true,"href":"https:\/\/www.twinlion.com.tr\/en\/wp-json\/wp\/v2\/comments?post=4439"}],"version-history":[{"count":22,"href":"https:\/\/www.twinlion.com.tr\/en\/wp-json\/wp\/v2\/pages\/4439\/revisions"}],"predecessor-version":[{"id":29729,"href":"https:\/\/www.twinlion.com.tr\/en\/wp-json\/wp\/v2\/pages\/4439\/revisions\/29729"}],"wp:attachment":[{"href":"https:\/\/www.twinlion.com.tr\/en\/wp-json\/wp\/v2\/media?parent=4439"}],"curies":[{"name":"wp","href":"https:\/\/api.w.org\/{rel}","templated":true}]}}