{"id":4400,"date":"2021-10-12T15:51:09","date_gmt":"2021-10-12T15:51:09","guid":{"rendered":"http:\/\/dummy.xtemos.com\/woodmart2\/elementor\/?page_id=4400"},"modified":"2026-03-13T12:23:17","modified_gmt":"2026-03-13T12:23:17","slug":"hakkimizda","status":"publish","type":"page","link":"https:\/\/www.twinlion.com.tr\/en\/hakkimizda\/","title":{"rendered":"About Us"},"content":{"rendered":"<div data-elementor-type=\"wp-page\" data-elementor-id=\"4400\" class=\"elementor elementor-4400\">\n\t\t\t\t<div class=\"wd-negative-gap elementor-element elementor-element-5c878ed0 wd-section-stretch e-flex e-con-boxed e-con e-parent\" data-id=\"5c878ed0\" data-element_type=\"container\" data-e-type=\"container\" data-settings=\"{&quot;background_background&quot;:&quot;classic&quot;}\">\n\t\t\t\t\t<div class=\"e-con-inner\">\n\t\t<div class=\"elementor-element elementor-element-7adfe122 e-con-full e-flex e-con e-child\" data-id=\"7adfe122\" data-element_type=\"container\" data-e-type=\"container\" data-settings=\"{&quot;background_background&quot;:&quot;classic&quot;}\">\n\t\t\t\t<div class=\"elementor-element elementor-element-76eeebe6 wd-width-100 elementor-widget elementor-widget-wd_title\" data-id=\"76eeebe6\" data-element_type=\"widget\" data-e-type=\"widget\" data-widget_type=\"wd_title.default\">\n\t\t\t\t<div class=\"elementor-widget-container\">\n\t\t\t\t\t\t\t<div class=\"title-wrapper wd-set-mb reset-last-child wd-title-color-default wd-title-style-default wd-title-size-default text-left\">\n\n\t\t\t\n\t\t\t<div class=\"liner-continer\">\n\t\t\t\t<h4 class=\"woodmart-title-container title wd-fontsize-l\">About Us<\/h4> \n\t\t\t\t\t\t\t<\/div>\n\n\t\t\t\t\t<\/div>\n\t\t\t\t\t\t<\/div>\n\t\t\t\t<\/div>\n\t\t\t\t<div class=\"elementor-element elementor-element-386f0ad6 elementor-widget elementor-widget-wd_text_block\" data-id=\"386f0ad6\" data-element_type=\"widget\" data-e-type=\"widget\" data-widget_type=\"wd_text_block.default\">\n\t\t\t\t<div class=\"elementor-widget-container\">\n\t\t\t\t\t\t\t<div class=\"wd-text-block reset-last-child text-left\">\n\t\t\t\n\t\t\t<p>Established in Bursa in 2023, our company aims to provide the highest quality services tailored to industry needs. Our core philosophy is built on continuous self-improvement and an innovative approach to production.<\/p><p>Drawing strength from our extensive experience, we design and manufacture a wide range of shirts, trousers, and t-shirts in our high-end production facilities, catering to all market segments.\u00a0<\/p>\n\t\t\t\t\t<\/div>\n\t\t\t\t\t\t<\/div>\n\t\t\t\t<\/div>\n\t\t\t\t<div class=\"elementor-element elementor-element-68b2d795 elementor-widget elementor-widget-wd_text_block\" data-id=\"68b2d795\" data-element_type=\"widget\" data-e-type=\"widget\" data-widget_type=\"wd_text_block.default\">\n\t\t\t\t<div class=\"elementor-widget-container\">\n\t\t\t\t\t\t\t<div class=\"wd-text-block reset-last-child text-left\">\n\t\t\t\n\t\t\t<p>With each passing season, we continue to demonstrate our commitment to <strong>quality and distinction<\/strong> making customer trust and satisfaction our top priority.<\/p>\n\t\t\t\t\t<\/div>\n\t\t\t\t\t\t<\/div>\n\t\t\t\t<\/div>\n\t\t<div class=\"elementor-element elementor-element-3c458be6 e-con-full e-flex e-con e-child\" data-id=\"3c458be6\" data-element_type=\"container\" data-e-type=\"container\">\n\t\t\t\t<div class=\"elementor-element elementor-element-60797856 elementor-widget__width-auto elementor-widget elementor-widget-wd_social_buttons\" data-id=\"60797856\" data-element_type=\"widget\" data-e-type=\"widget\" data-widget_type=\"wd_social_buttons.default\">\n\t\t\t\t<div class=\"elementor-widget-container\">\n\t\t\t\t\t\t\t\t<div\n\t\t\t\t\t\tclass=\"wd-social-icons wd-style-bordered wd-size-small social-follow wd-shape-circle color-scheme-dark text-left\">\n\t\t\t\t\n\t\t\t\t\n\t\t\t\t\n\t\t\t\t\n\t\t\t\t\n\t\t\t\t\n\t\t\t\t\t\t\t\t\t<a rel=\"noopener noreferrer nofollow\" href=\"https:\/\/www.instagram.com\/twinlionofficial\" target=\"_blank\" class=\"wd-social-icon social-instagram\" aria-label=\"Instagram social link\">\n\t\t\t\t\t\t<span class=\"wd-icon\"><\/span>\n\t\t\t\t\t\t\t\t\t\t\t<\/a>\n\t\t\t\t\n\t\t\t\t\n\t\t\t\t\n\t\t\t\t\n\t\t\t\t\n\t\t\t\t\n\t\t\t\t\n\t\t\t\t\n\t\t\t\t\n\t\t\t\t\n\t\t\t\t\n\t\t\t\t\n\t\t\t\t\n\t\t\t\t\n\t\t\t\t\t\t\t\t\t<a rel=\"noopener noreferrer nofollow\" href=\"https:\/\/wa.me\/905058657716\" target=\"_blank\" class=\"wd-hide-md wd-social-icon social-whatsapp\" aria-label=\"WhatsApp social link\">\n\t\t\t\t\t\t<span class=\"wd-icon\"><\/span>\n\t\t\t\t\t\t\t\t\t\t\t<\/a>\n\n\t\t\t\t\t<a rel=\"noopener noreferrer nofollow\" href=\"https:\/\/wa.me\/905058657716\" target=\"_blank\" class=\"wd-hide-lg wd-social-icon social-whatsapp\" aria-label=\"WhatsApp social link\">\n\t\t\t\t\t\t<span class=\"wd-icon\"><\/span>\n\t\t\t\t\t\t\t\t\t\t\t<\/a>\n\t\t\t\t\n\t\t\t\t\n\t\t\t\t\n\t\t\t\t\n\t\t\t\t\n\t\t\t\t\n\t\t\t\t\t\t\t\t\t<a rel=\"noopener noreferrer nofollow\" href=\"https:\/\/l.instagram.com\/?u=httpst.me7mO1-FZir8QwZDE0utm_sourceigutm_mediumsocialutm_contentlink_in_biofbclidPAZXh0bgNhZW0CMTEAc3J0YwZhcHBfaWQMMjU2MjgxMDQwNTU4AAGn7MC7FqmQ-sCqMBzN3uftTraPaZ9AoKCSZK_5WPAmveBH8Z0RYF2nyaPrHZE_aem_vk9Kwd8uqx33GBFNVd6TmQ&amp;e=AT2uRgoFCTB1_5nfKv_I15FA5KLhJhlkFKc1hAts5ghJRqz2JSZIUf8t6a5TBwbdVZbaow2o02isC9oRlkxPgIhkqGOpPgDeMsEOvjrL9Q\" target=\"_blank\" class=\"wd-social-icon social-tg\" aria-label=\"Telegram social link\">\n\t\t\t\t\t\t<span class=\"wd-icon\"><\/span>\n\t\t\t\t\t\t\t\t\t\t\t<\/a>\n\t\t\t\t\n\t\t\t\t\n\t\t\t<\/div>\n\n\t\t\t\t\t\t<\/div>\n\t\t\t\t<\/div>\n\t\t\t\t<\/div>\n\t\t\t\t<\/div>\n\t\t<div class=\"elementor-element elementor-element-6ffecede e-con-full e-flex e-con e-child\" data-id=\"6ffecede\" data-element_type=\"container\" data-e-type=\"container\">\n\t\t\t\t<div class=\"elementor-element elementor-element-5488cb4d elementor-widget elementor-widget-wd_image_or_svg\" data-id=\"5488cb4d\" data-element_type=\"widget\" data-e-type=\"widget\" data-widget_type=\"wd_image_or_svg.default\">\n\t\t\t\t<div class=\"elementor-widget-container\">\n\t\t\t\t\t\n\t\t<div class=\"wd-image text-right\">\n\t\t\t\t\t\t\t\t<img loading=\"lazy\" decoding=\"async\" width=\"2048\" height=\"960\" src=\"https:\/\/www.twinlion.com.tr\/wp-content\/uploads\/2026\/03\/hakkimizdbg.jpg\" class=\"attachment-full size-full\" alt=\"\" srcset=\"https:\/\/www.twinlion.com.tr\/wp-content\/uploads\/2026\/03\/hakkimizdbg.jpg 2048w, https:\/\/www.twinlion.com.tr\/wp-content\/uploads\/2026\/03\/hakkimizdbg-400x188.jpg 400w, https:\/\/www.twinlion.com.tr\/wp-content\/uploads\/2026\/03\/hakkimizdbg-1300x609.jpg 1300w, https:\/\/www.twinlion.com.tr\/wp-content\/uploads\/2026\/03\/hakkimizdbg-768x360.jpg 768w, https:\/\/www.twinlion.com.tr\/wp-content\/uploads\/2026\/03\/hakkimizdbg-1536x720.jpg 1536w\" sizes=\"auto, (max-width: 2048px) 100vw, 2048px\" \/>\t\t\t\t\t<\/div>\n\n\t\t\t\t\t\t<\/div>\n\t\t\t\t<\/div>\n\t\t\t\t<\/div>\n\t\t\t\t\t<\/div>\n\t\t\t\t<\/div>\n\t\t\t\t<\/div>","protected":false},"excerpt":{"rendered":"<p>Hakk\u0131m\u0131zda Bursa\u2019da 2023 y\u0131l\u0131nda ticari faaliyetlerine ba\u015flayan firmam\u0131z, sekt\u00f6rdeki ihtiya\u00e7lara en uygun ve kaliteli hizmeti sunmay\u0131 ama\u00e7 edinmi\u015ftir. \u00c7al\u0131\u015fma anlay\u0131\u015f\u0131m\u0131z,<\/p>","protected":false},"author":1,"featured_media":0,"parent":0,"menu_order":0,"comment_status":"closed","ping_status":"closed","template":"","meta":{"footnotes":""},"class_list":["post-4400","page","type-page","status-publish","hentry"],"yoast_head":"<!-- This site is optimized with the Yoast SEO plugin v27.1.1 - https:\/\/yoast.com\/product\/yoast-seo-wordpress\/ -->\n<title>Hakk\u0131m\u0131zda | Twin Lion Erkek Giyim \u00dcr\u00fcnleri<\/title>\n<meta name=\"description\" content=\"Sekt\u00f6rdeki tecr\u00fcbemizle, yenilik\u00e7i ve kaliteli \u00fcretim anlay\u0131\u015f\u0131n\u0131 benimsiyoruz. Kalite ve g\u00fcvenin adresi Twin Lion.\" \/>\n<meta name=\"robots\" content=\"index, follow, max-snippet:-1, max-image-preview:large, max-video-preview:-1\" \/>\n<link rel=\"canonical\" href=\"https:\/\/www.twinlion.com.tr\/en\/hakkimizda\/\" \/>\n<meta property=\"og:locale\" content=\"en_GB\" \/>\n<meta property=\"og:type\" content=\"article\" \/>\n<meta property=\"og:title\" content=\"Hakk\u0131m\u0131zda | Twin Lion Erkek Giyim \u00dcr\u00fcnleri\" \/>\n<meta property=\"og:description\" content=\"Sekt\u00f6rdeki tecr\u00fcbemizle, yenilik\u00e7i ve kaliteli \u00fcretim anlay\u0131\u015f\u0131n\u0131 benimsiyoruz. Kalite ve g\u00fcvenin adresi Twin Lion.\" \/>\n<meta property=\"og:url\" content=\"https:\/\/www.twinlion.com.tr\/en\/hakkimizda\/\" \/>\n<meta property=\"og:site_name\" content=\"Twinlion\" \/>\n<meta property=\"article:modified_time\" content=\"2026-03-13T12:23:17+00:00\" \/>\n<meta property=\"og:image\" content=\"https:\/\/www.twinlion.com.tr\/wp-content\/uploads\/2026\/03\/hakkimizdbg.jpg\" \/>\n<meta name=\"twitter:card\" content=\"summary_large_image\" \/>\n<meta name=\"twitter:label1\" content=\"Estimated reading time\" \/>\n\t<meta name=\"twitter:data1\" content=\"1 minute\" \/>\n<script type=\"application\/ld+json\" class=\"yoast-schema-graph\">{\"@context\":\"https:\/\/schema.org\",\"@graph\":[{\"@type\":\"WebPage\",\"@id\":\"https:\/\/www.twinlion.com.tr\/hakkimizda\/\",\"url\":\"https:\/\/www.twinlion.com.tr\/hakkimizda\/\",\"name\":\"Hakk\u0131m\u0131zda | Twin Lion Erkek Giyim \u00dcr\u00fcnleri\",\"isPartOf\":{\"@id\":\"https:\/\/www.twinlion.com.tr\/#website\"},\"primaryImageOfPage\":{\"@id\":\"https:\/\/www.twinlion.com.tr\/hakkimizda\/#primaryimage\"},\"image\":{\"@id\":\"https:\/\/www.twinlion.com.tr\/hakkimizda\/#primaryimage\"},\"thumbnailUrl\":\"https:\/\/www.twinlion.com.tr\/wp-content\/uploads\/2026\/03\/hakkimizdbg.jpg\",\"datePublished\":\"2021-10-12T15:51:09+00:00\",\"dateModified\":\"2026-03-13T12:23:17+00:00\",\"description\":\"Sekt\u00f6rdeki tecr\u00fcbemizle, yenilik\u00e7i ve kaliteli \u00fcretim anlay\u0131\u015f\u0131n\u0131 benimsiyoruz. Kalite ve g\u00fcvenin adresi Twin Lion.\",\"breadcrumb\":{\"@id\":\"https:\/\/www.twinlion.com.tr\/hakkimizda\/#breadcrumb\"},\"inLanguage\":\"en-GB\",\"potentialAction\":[{\"@type\":\"ReadAction\",\"target\":[\"https:\/\/www.twinlion.com.tr\/hakkimizda\/\"]}]},{\"@type\":\"ImageObject\",\"inLanguage\":\"en-GB\",\"@id\":\"https:\/\/www.twinlion.com.tr\/hakkimizda\/#primaryimage\",\"url\":\"https:\/\/www.twinlion.com.tr\/wp-content\/uploads\/2026\/03\/hakkimizdbg.jpg\",\"contentUrl\":\"https:\/\/www.twinlion.com.tr\/wp-content\/uploads\/2026\/03\/hakkimizdbg.jpg\"},{\"@type\":\"BreadcrumbList\",\"@id\":\"https:\/\/www.twinlion.com.tr\/hakkimizda\/#breadcrumb\",\"itemListElement\":[{\"@type\":\"ListItem\",\"position\":1,\"name\":\"Anasayfa\",\"item\":\"https:\/\/www.twinlion.com.tr\/\"},{\"@type\":\"ListItem\",\"position\":2,\"name\":\"Hakk\u0131m\u0131zda\"}]},{\"@type\":\"WebSite\",\"@id\":\"https:\/\/www.twinlion.com.tr\/#website\",\"url\":\"https:\/\/www.twinlion.com.tr\/\",\"name\":\"Twin Lion\",\"description\":\"Toptan Sat\u0131\u015f \/ Wholesale\",\"publisher\":{\"@id\":\"https:\/\/www.twinlion.com.tr\/#organization\"},\"potentialAction\":[{\"@type\":\"SearchAction\",\"target\":{\"@type\":\"EntryPoint\",\"urlTemplate\":\"https:\/\/www.twinlion.com.tr\/?s={search_term_string}\"},\"query-input\":{\"@type\":\"PropertyValueSpecification\",\"valueRequired\":true,\"valueName\":\"search_term_string\"}}],\"inLanguage\":\"en-GB\"},{\"@type\":\"Organization\",\"@id\":\"https:\/\/www.twinlion.com.tr\/#organization\",\"name\":\"Twin Lion\",\"url\":\"https:\/\/www.twinlion.com.tr\/\",\"logo\":{\"@type\":\"ImageObject\",\"inLanguage\":\"en-GB\",\"@id\":\"https:\/\/www.twinlion.com.tr\/#\/schema\/logo\/image\/\",\"url\":\"https:\/\/www.twinlion.com.tr\/wp-content\/uploads\/2026\/03\/twin-lion-logo-new2.png\",\"contentUrl\":\"https:\/\/www.twinlion.com.tr\/wp-content\/uploads\/2026\/03\/twin-lion-logo-new2.png\",\"width\":1000,\"height\":700,\"caption\":\"Twin Lion\"},\"image\":{\"@id\":\"https:\/\/www.twinlion.com.tr\/#\/schema\/logo\/image\/\"},\"sameAs\":[\"https:\/\/www.instagram.com\/twinlionofficial\",\"https:\/\/l.instagram.com\/?u=httpst.me7mO1-FZir8QwZDE0utm_sourceigutm_mediumsocialutm_contentlink_in_biofbclidPAZXh0bgNhZW0CMTEAc3J0YwZhcHBfaWQMMjU2MjgxMDQwNTU4AAGn7MC7FqmQ-sCqMBzN3uftTraPaZ9AoKCSZK_5WPAmveBH8Z0RYF2nyaPrHZE_aem_vk9Kwd8uqx33GBFNVd6TmQ&e=AT2uRgoFCTB1_5nfKv_I15FA5KLhJhlkFKc1hAts5ghJRqz2JSZIUf8t6a5TBwbdVZbaow2o02isC9oRlkxPgIhkqGOpPgDeMsEOvjrL9Q\"]}]}<\/script>\n<!-- \/ Yoast SEO plugin. -->","yoast_head_json":{"title":"Hakk\u0131m\u0131zda | Twin Lion Erkek Giyim \u00dcr\u00fcnleri","description":"Sekt\u00f6rdeki tecr\u00fcbemizle, yenilik\u00e7i ve kaliteli \u00fcretim anlay\u0131\u015f\u0131n\u0131 benimsiyoruz. Kalite ve g\u00fcvenin adresi Twin Lion.","robots":{"index":"index","follow":"follow","max-snippet":"max-snippet:-1","max-image-preview":"max-image-preview:large","max-video-preview":"max-video-preview:-1"},"canonical":"https:\/\/www.twinlion.com.tr\/en\/hakkimizda\/","og_locale":"en_GB","og_type":"article","og_title":"Hakk\u0131m\u0131zda | Twin Lion Erkek Giyim \u00dcr\u00fcnleri","og_description":"Sekt\u00f6rdeki tecr\u00fcbemizle, yenilik\u00e7i ve kaliteli \u00fcretim anlay\u0131\u015f\u0131n\u0131 benimsiyoruz. Kalite ve g\u00fcvenin adresi Twin Lion.","og_url":"https:\/\/www.twinlion.com.tr\/en\/hakkimizda\/","og_site_name":"Twinlion","article_modified_time":"2026-03-13T12:23:17+00:00","og_image":[{"url":"https:\/\/www.twinlion.com.tr\/wp-content\/uploads\/2026\/03\/hakkimizdbg.jpg","type":"","width":"","height":""}],"twitter_card":"summary_large_image","twitter_misc":{"Estimated reading time":"1 minute"},"schema":{"@context":"https:\/\/schema.org","@graph":[{"@type":"WebPage","@id":"https:\/\/www.twinlion.com.tr\/hakkimizda\/","url":"https:\/\/www.twinlion.com.tr\/hakkimizda\/","name":"Hakk\u0131m\u0131zda | Twin Lion Erkek Giyim \u00dcr\u00fcnleri","isPartOf":{"@id":"https:\/\/www.twinlion.com.tr\/#website"},"primaryImageOfPage":{"@id":"https:\/\/www.twinlion.com.tr\/hakkimizda\/#primaryimage"},"image":{"@id":"https:\/\/www.twinlion.com.tr\/hakkimizda\/#primaryimage"},"thumbnailUrl":"https:\/\/www.twinlion.com.tr\/wp-content\/uploads\/2026\/03\/hakkimizdbg.jpg","datePublished":"2021-10-12T15:51:09+00:00","dateModified":"2026-03-13T12:23:17+00:00","description":"Sekt\u00f6rdeki tecr\u00fcbemizle, yenilik\u00e7i ve kaliteli \u00fcretim anlay\u0131\u015f\u0131n\u0131 benimsiyoruz. Kalite ve g\u00fcvenin adresi Twin Lion.","breadcrumb":{"@id":"https:\/\/www.twinlion.com.tr\/hakkimizda\/#breadcrumb"},"inLanguage":"en-GB","potentialAction":[{"@type":"ReadAction","target":["https:\/\/www.twinlion.com.tr\/hakkimizda\/"]}]},{"@type":"ImageObject","inLanguage":"en-GB","@id":"https:\/\/www.twinlion.com.tr\/hakkimizda\/#primaryimage","url":"https:\/\/www.twinlion.com.tr\/wp-content\/uploads\/2026\/03\/hakkimizdbg.jpg","contentUrl":"https:\/\/www.twinlion.com.tr\/wp-content\/uploads\/2026\/03\/hakkimizdbg.jpg"},{"@type":"BreadcrumbList","@id":"https:\/\/www.twinlion.com.tr\/hakkimizda\/#breadcrumb","itemListElement":[{"@type":"ListItem","position":1,"name":"Anasayfa","item":"https:\/\/www.twinlion.com.tr\/"},{"@type":"ListItem","position":2,"name":"Hakk\u0131m\u0131zda"}]},{"@type":"WebSite","@id":"https:\/\/www.twinlion.com.tr\/#website","url":"https:\/\/www.twinlion.com.tr\/","name":"Twin Lion","description":"Toptan Sat\u0131\u015f \/ Wholesale","publisher":{"@id":"https:\/\/www.twinlion.com.tr\/#organization"},"potentialAction":[{"@type":"SearchAction","target":{"@type":"EntryPoint","urlTemplate":"https:\/\/www.twinlion.com.tr\/?s={search_term_string}"},"query-input":{"@type":"PropertyValueSpecification","valueRequired":true,"valueName":"search_term_string"}}],"inLanguage":"en-GB"},{"@type":"Organization","@id":"https:\/\/www.twinlion.com.tr\/#organization","name":"Twin Lion","url":"https:\/\/www.twinlion.com.tr\/","logo":{"@type":"ImageObject","inLanguage":"en-GB","@id":"https:\/\/www.twinlion.com.tr\/#\/schema\/logo\/image\/","url":"https:\/\/www.twinlion.com.tr\/wp-content\/uploads\/2026\/03\/twin-lion-logo-new2.png","contentUrl":"https:\/\/www.twinlion.com.tr\/wp-content\/uploads\/2026\/03\/twin-lion-logo-new2.png","width":1000,"height":700,"caption":"Twin Lion"},"image":{"@id":"https:\/\/www.twinlion.com.tr\/#\/schema\/logo\/image\/"},"sameAs":["https:\/\/www.instagram.com\/twinlionofficial","https:\/\/l.instagram.com\/?u=httpst.me7mO1-FZir8QwZDE0utm_sourceigutm_mediumsocialutm_contentlink_in_biofbclidPAZXh0bgNhZW0CMTEAc3J0YwZhcHBfaWQMMjU2MjgxMDQwNTU4AAGn7MC7FqmQ-sCqMBzN3uftTraPaZ9AoKCSZK_5WPAmveBH8Z0RYF2nyaPrHZE_aem_vk9Kwd8uqx33GBFNVd6TmQ&e=AT2uRgoFCTB1_5nfKv_I15FA5KLhJhlkFKc1hAts5ghJRqz2JSZIUf8t6a5TBwbdVZbaow2o02isC9oRlkxPgIhkqGOpPgDeMsEOvjrL9Q"]}]}},"_links":{"self":[{"href":"https:\/\/www.twinlion.com.tr\/en\/wp-json\/wp\/v2\/pages\/4400","targetHints":{"allow":["GET"]}}],"collection":[{"href":"https:\/\/www.twinlion.com.tr\/en\/wp-json\/wp\/v2\/pages"}],"about":[{"href":"https:\/\/www.twinlion.com.tr\/en\/wp-json\/wp\/v2\/types\/page"}],"author":[{"embeddable":true,"href":"https:\/\/www.twinlion.com.tr\/en\/wp-json\/wp\/v2\/users\/1"}],"replies":[{"embeddable":true,"href":"https:\/\/www.twinlion.com.tr\/en\/wp-json\/wp\/v2\/comments?post=4400"}],"version-history":[{"count":22,"href":"https:\/\/www.twinlion.com.tr\/en\/wp-json\/wp\/v2\/pages\/4400\/revisions"}],"predecessor-version":[{"id":29270,"href":"https:\/\/www.twinlion.com.tr\/en\/wp-json\/wp\/v2\/pages\/4400\/revisions\/29270"}],"wp:attachment":[{"href":"https:\/\/www.twinlion.com.tr\/en\/wp-json\/wp\/v2\/media?parent=4400"}],"curies":[{"name":"wp","href":"https:\/\/api.w.org\/{rel}","templated":true}]}}