{"id":29196,"date":"2026-02-27T14:33:41","date_gmt":"2026-02-27T14:33:41","guid":{"rendered":"https:\/\/www.twinlion.com.tr\/?page_id=29196"},"modified":"2026-03-13T12:26:33","modified_gmt":"2026-03-13T12:26:33","slug":"erkek-pantolonlari","status":"publish","type":"page","link":"https:\/\/www.twinlion.com.tr\/en\/urunlerimiz\/erkek-pantolonlari\/","title":{"rendered":"Men's Trousers"},"content":{"rendered":"<div data-elementor-type=\"wp-page\" data-elementor-id=\"29196\" class=\"elementor elementor-29196\">\n\t\t\t\t<div class=\"elementor-element elementor-element-de6f87f wd-section-stretch e-flex e-con-boxed e-con e-parent\" data-id=\"de6f87f\" data-element_type=\"container\" data-e-type=\"container\" data-settings=\"{&quot;background_background&quot;:&quot;classic&quot;}\">\n\t\t\t\t\t<div class=\"e-con-inner\">\n\t\t\t\t<div class=\"elementor-element elementor-element-380c756 wd-width-100 elementor-widget elementor-widget-wd_images_gallery\" data-id=\"380c756\" data-element_type=\"widget\" data-e-type=\"widget\" data-widget_type=\"wd_images_gallery.default\">\n\t\t\t\t<div class=\"elementor-widget-container\">\n\t\t\t\t\t\t\t<div class=\"wd-images-gallery photoswipe-images\" style=\"--wd-align-items:center; --wd-justify-content:center;\">\n\t\t\t\t\t\t<div class=\"wd-grid-g\" style=\"--wd-col-lg:4;--wd-col-md:4;--wd-col-sm:1;--wd-gap-lg:20px;--wd-gap-sm:10px;\" >\n\t\t\t\t\t\t\t\t\t\t\t\t\t\t\t\t\t\t<div class=\"wd-gallery-item wd-col\">\n\t\t\t\t\t\t\t\t\t\t\t\t\t<a  href=\"https:\/\/www.twinlion.com.tr\/wp-content\/uploads\/2026\/02\/twinlion-urunlerimiz8.jpeg\" data-width=\"1262\" data-height=\"1600\" data-index=\"1\" data-elementor-open-lightbox=\"no\">\n\t\t\t\t\t\t\n\t\t\t\t\t\t<img loading=\"lazy\" decoding=\"async\" width=\"600\" height=\"700\" src=\"https:\/\/www.twinlion.com.tr\/wp-content\/uploads\/2026\/02\/twinlion-urunlerimiz8-600x700.jpeg\" class=\"attachment-600x700 size-600x700\" alt=\"twinlion-urunlerimiz8\" \/>\n\t\t\t\t\t\t\t\t\t\t\t\t\t<\/a>\n\t\t\t\t\t\t\t\t\t\t\t<\/div>\n\t\t\t\t\t\t\t\t\t\t\t\t\t\t\t<div class=\"wd-gallery-item wd-col\">\n\t\t\t\t\t\t\t\t\t\t\t\t\t<a  href=\"https:\/\/www.twinlion.com.tr\/wp-content\/uploads\/2026\/02\/twinlion-urunlerimiz9.jpeg\" data-width=\"1280\" data-height=\"1600\" data-index=\"2\" data-elementor-open-lightbox=\"no\">\n\t\t\t\t\t\t\n\t\t\t\t\t\t<img loading=\"lazy\" decoding=\"async\" width=\"600\" height=\"700\" src=\"https:\/\/www.twinlion.com.tr\/wp-content\/uploads\/2026\/02\/twinlion-urunlerimiz9-600x700.jpeg\" class=\"attachment-600x700 size-600x700\" alt=\"twinlion-urunlerimiz9\" \/>\n\t\t\t\t\t\t\t\t\t\t\t\t\t<\/a>\n\t\t\t\t\t\t\t\t\t\t\t<\/div>\n\t\t\t\t\t\t\t\t\t\t\t\t\t\t\t<div class=\"wd-gallery-item wd-col\">\n\t\t\t\t\t\t\t\t\t\t\t\t\t<a  href=\"https:\/\/www.twinlion.com.tr\/wp-content\/uploads\/2026\/02\/twinlion-urunlerimiz10.jpeg\" data-width=\"1286\" data-height=\"1600\" data-index=\"3\" data-elementor-open-lightbox=\"no\">\n\t\t\t\t\t\t\n\t\t\t\t\t\t<img loading=\"lazy\" decoding=\"async\" width=\"600\" height=\"700\" src=\"https:\/\/www.twinlion.com.tr\/wp-content\/uploads\/2026\/02\/twinlion-urunlerimiz10-600x700.jpeg\" class=\"attachment-600x700 size-600x700\" alt=\"twinlion-urunlerimiz10\" \/>\n\t\t\t\t\t\t\t\t\t\t\t\t\t<\/a>\n\t\t\t\t\t\t\t\t\t\t\t<\/div>\n\t\t\t\t\t\t\t\t\t\t\t\t\t\t\t<div class=\"wd-gallery-item wd-col\">\n\t\t\t\t\t\t\t\t\t\t\t\t\t<a  href=\"https:\/\/www.twinlion.com.tr\/wp-content\/uploads\/2026\/02\/twinlion-urunlerimiz11.jpeg\" data-width=\"1273\" data-height=\"1600\" data-index=\"4\" data-elementor-open-lightbox=\"no\">\n\t\t\t\t\t\t\n\t\t\t\t\t\t<img loading=\"lazy\" decoding=\"async\" width=\"600\" height=\"700\" src=\"https:\/\/www.twinlion.com.tr\/wp-content\/uploads\/2026\/02\/twinlion-urunlerimiz11-600x700.jpeg\" class=\"attachment-600x700 size-600x700\" alt=\"twinlion-urunlerimiz11\" \/>\n\t\t\t\t\t\t\t\t\t\t\t\t\t<\/a>\n\t\t\t\t\t\t\t\t\t\t\t<\/div>\n\t\t\t\t\t\t\t\t\t\t\t\t\t\t\t<div class=\"wd-gallery-item wd-col\">\n\t\t\t\t\t\t\t\t\t\t\t\t\t<a  href=\"https:\/\/www.twinlion.com.tr\/wp-content\/uploads\/2026\/02\/twinlion-urunlerimiz12.jpeg\" data-width=\"1298\" data-height=\"1600\" data-index=\"5\" data-elementor-open-lightbox=\"no\">\n\t\t\t\t\t\t\n\t\t\t\t\t\t<img loading=\"lazy\" decoding=\"async\" width=\"600\" height=\"700\" src=\"https:\/\/www.twinlion.com.tr\/wp-content\/uploads\/2026\/02\/twinlion-urunlerimiz12-600x700.jpeg\" class=\"attachment-600x700 size-600x700\" alt=\"twinlion-urunlerimiz12\" \/>\n\t\t\t\t\t\t\t\t\t\t\t\t\t<\/a>\n\t\t\t\t\t\t\t\t\t\t\t<\/div>\n\t\t\t\t\t\t\t\t\t\t\t\t\t\t\t<div class=\"wd-gallery-item wd-col\">\n\t\t\t\t\t\t\t\t\t\t\t\t\t<a  href=\"https:\/\/www.twinlion.com.tr\/wp-content\/uploads\/2026\/02\/twinlion-urunlerimiz19.jpeg\" data-width=\"1241\" data-height=\"1600\" data-index=\"6\" data-elementor-open-lightbox=\"no\">\n\t\t\t\t\t\t\n\t\t\t\t\t\t<img loading=\"lazy\" decoding=\"async\" width=\"600\" height=\"700\" src=\"https:\/\/www.twinlion.com.tr\/wp-content\/uploads\/2026\/02\/twinlion-urunlerimiz19-600x700.jpeg\" class=\"attachment-600x700 size-600x700\" alt=\"twinlion-urunlerimiz19\" \/>\n\t\t\t\t\t\t\t\t\t\t\t\t\t<\/a>\n\t\t\t\t\t\t\t\t\t\t\t<\/div>\n\t\t\t\t\t\t\t\t\t\t\t\t\t\t\t<div class=\"wd-gallery-item wd-col\">\n\t\t\t\t\t\t\t\t\t\t\t\t\t<a  href=\"https:\/\/www.twinlion.com.tr\/wp-content\/uploads\/2026\/02\/twinlion-urunlerimiz18.jpeg\" data-width=\"1323\" data-height=\"1600\" data-index=\"7\" data-elementor-open-lightbox=\"no\">\n\t\t\t\t\t\t\n\t\t\t\t\t\t<img loading=\"lazy\" decoding=\"async\" width=\"600\" height=\"700\" src=\"https:\/\/www.twinlion.com.tr\/wp-content\/uploads\/2026\/02\/twinlion-urunlerimiz18-600x700.jpeg\" class=\"attachment-600x700 size-600x700\" alt=\"twinlion-urunlerimiz18\" \/>\n\t\t\t\t\t\t\t\t\t\t\t\t\t<\/a>\n\t\t\t\t\t\t\t\t\t\t\t<\/div>\n\t\t\t\t\t\t\t\t\t\t\t\t\t\t\t<div class=\"wd-gallery-item wd-col\">\n\t\t\t\t\t\t\t\t\t\t\t\t\t<a  href=\"https:\/\/www.twinlion.com.tr\/wp-content\/uploads\/2026\/02\/twinlion-urunlerimiz17.jpeg\" data-width=\"1270\" data-height=\"1600\" data-index=\"8\" data-elementor-open-lightbox=\"no\">\n\t\t\t\t\t\t\n\t\t\t\t\t\t<img loading=\"lazy\" decoding=\"async\" width=\"600\" height=\"700\" src=\"https:\/\/www.twinlion.com.tr\/wp-content\/uploads\/2026\/02\/twinlion-urunlerimiz17-600x700.jpeg\" class=\"attachment-600x700 size-600x700\" alt=\"twinlion-urunlerimiz17\" \/>\n\t\t\t\t\t\t\t\t\t\t\t\t\t<\/a>\n\t\t\t\t\t\t\t\t\t\t\t<\/div>\n\t\t\t\t\t\t\t\t\t\t\t\t\t\t\t<div class=\"wd-gallery-item wd-col\">\n\t\t\t\t\t\t\t\t\t\t\t\t\t<a  href=\"https:\/\/www.twinlion.com.tr\/wp-content\/uploads\/2026\/02\/twinlion-urunlerimiz16.jpeg\" data-width=\"1322\" data-height=\"1600\" data-index=\"9\" data-elementor-open-lightbox=\"no\">\n\t\t\t\t\t\t\n\t\t\t\t\t\t<img loading=\"lazy\" decoding=\"async\" width=\"600\" height=\"700\" src=\"https:\/\/www.twinlion.com.tr\/wp-content\/uploads\/2026\/02\/twinlion-urunlerimiz16-600x700.jpeg\" class=\"attachment-600x700 size-600x700\" alt=\"twinlion-urunlerimiz16\" \/>\n\t\t\t\t\t\t\t\t\t\t\t\t\t<\/a>\n\t\t\t\t\t\t\t\t\t\t\t<\/div>\n\t\t\t\t\t\t\t\t\t\t\t\t\t\t\t<div class=\"wd-gallery-item wd-col\">\n\t\t\t\t\t\t\t\t\t\t\t\t\t<a  href=\"https:\/\/www.twinlion.com.tr\/wp-content\/uploads\/2026\/02\/twinlion-urunlerimiz15.jpeg\" data-width=\"1339\" data-height=\"1600\" data-index=\"10\" data-elementor-open-lightbox=\"no\">\n\t\t\t\t\t\t\n\t\t\t\t\t\t<img loading=\"lazy\" decoding=\"async\" width=\"600\" height=\"700\" src=\"https:\/\/www.twinlion.com.tr\/wp-content\/uploads\/2026\/02\/twinlion-urunlerimiz15-600x700.jpeg\" class=\"attachment-600x700 size-600x700\" alt=\"twinlion-urunlerimiz15\" \/>\n\t\t\t\t\t\t\t\t\t\t\t\t\t<\/a>\n\t\t\t\t\t\t\t\t\t\t\t<\/div>\n\t\t\t\t\t\t\t\t\t\t\t\t\t\t\t<div class=\"wd-gallery-item wd-col\">\n\t\t\t\t\t\t\t\t\t\t\t\t\t<a  href=\"https:\/\/www.twinlion.com.tr\/wp-content\/uploads\/2026\/02\/twinlion-urunlerimiz14.jpeg\" data-width=\"1279\" data-height=\"1600\" data-index=\"11\" data-elementor-open-lightbox=\"no\">\n\t\t\t\t\t\t\n\t\t\t\t\t\t<img loading=\"lazy\" decoding=\"async\" width=\"600\" height=\"700\" src=\"https:\/\/www.twinlion.com.tr\/wp-content\/uploads\/2026\/02\/twinlion-urunlerimiz14-600x700.jpeg\" class=\"attachment-600x700 size-600x700\" alt=\"twinlion-urunlerimiz14\" \/>\n\t\t\t\t\t\t\t\t\t\t\t\t\t<\/a>\n\t\t\t\t\t\t\t\t\t\t\t<\/div>\n\t\t\t\t\t\t\t\t\t\t\t\t\t\t\t<div class=\"wd-gallery-item wd-col\">\n\t\t\t\t\t\t\t\t\t\t\t\t\t<a  href=\"https:\/\/www.twinlion.com.tr\/wp-content\/uploads\/2026\/02\/twinlion-urunlerimiz13.jpeg\" data-width=\"1323\" data-height=\"1600\" data-index=\"12\" data-elementor-open-lightbox=\"no\">\n\t\t\t\t\t\t\n\t\t\t\t\t\t<img loading=\"lazy\" decoding=\"async\" width=\"600\" height=\"700\" src=\"https:\/\/www.twinlion.com.tr\/wp-content\/uploads\/2026\/02\/twinlion-urunlerimiz13-600x700.jpeg\" class=\"attachment-600x700 size-600x700\" alt=\"twinlion-urunlerimiz13\" \/>\n\t\t\t\t\t\t\t\t\t\t\t\t\t<\/a>\n\t\t\t\t\t\t\t\t\t\t\t<\/div>\n\t\t\t\t\t\t\t\t\t\t\t\t\t\t\t<div class=\"wd-gallery-item wd-col\">\n\t\t\t\t\t\t\t\t\t\t\t\t\t<a  href=\"https:\/\/www.twinlion.com.tr\/wp-content\/uploads\/2026\/02\/twinlion-urunlerimiz20.jpeg\" data-width=\"1382\" data-height=\"1600\" data-index=\"13\" data-elementor-open-lightbox=\"no\">\n\t\t\t\t\t\t\n\t\t\t\t\t\t<img loading=\"lazy\" decoding=\"async\" width=\"600\" height=\"700\" src=\"https:\/\/www.twinlion.com.tr\/wp-content\/uploads\/2026\/02\/twinlion-urunlerimiz20-600x700.jpeg\" class=\"attachment-600x700 size-600x700\" alt=\"twinlion-urunlerimiz20\" srcset=\"https:\/\/www.twinlion.com.tr\/wp-content\/uploads\/2026\/02\/twinlion-urunlerimiz20-600x700.jpeg 600w, https:\/\/www.twinlion.com.tr\/wp-content\/uploads\/2026\/02\/twinlion-urunlerimiz20-150x174.jpeg 150w\" sizes=\"auto, (max-width: 600px) 100vw, 600px\" \/>\n\t\t\t\t\t\t\t\t\t\t\t\t\t<\/a>\n\t\t\t\t\t\t\t\t\t\t\t<\/div>\n\t\t\t\t\t\t\t\t\t\t\t\t\t\t\t<div class=\"wd-gallery-item wd-col\">\n\t\t\t\t\t\t\t\t\t\t\t\t\t<a  href=\"https:\/\/www.twinlion.com.tr\/wp-content\/uploads\/2026\/02\/twinlion-urunlerimiz21.jpeg\" data-width=\"1430\" data-height=\"1600\" data-index=\"14\" data-elementor-open-lightbox=\"no\">\n\t\t\t\t\t\t\n\t\t\t\t\t\t<img loading=\"lazy\" decoding=\"async\" width=\"600\" height=\"700\" src=\"https:\/\/www.twinlion.com.tr\/wp-content\/uploads\/2026\/02\/twinlion-urunlerimiz21-600x700.jpeg\" class=\"attachment-600x700 size-600x700\" alt=\"twinlion-urunlerimiz21\" \/>\n\t\t\t\t\t\t\t\t\t\t\t\t\t<\/a>\n\t\t\t\t\t\t\t\t\t\t\t<\/div>\n\t\t\t\t\t\t\t\t\t\t\t\t\t\t\t<div class=\"wd-gallery-item wd-col\">\n\t\t\t\t\t\t\t\t\t\t\t\t\t<a  href=\"https:\/\/www.twinlion.com.tr\/wp-content\/uploads\/2026\/02\/twinlion-urunlerimiz22.jpeg\" data-width=\"1376\" data-height=\"1600\" data-index=\"15\" data-elementor-open-lightbox=\"no\">\n\t\t\t\t\t\t\n\t\t\t\t\t\t<img loading=\"lazy\" decoding=\"async\" width=\"600\" height=\"700\" src=\"https:\/\/www.twinlion.com.tr\/wp-content\/uploads\/2026\/02\/twinlion-urunlerimiz22-600x700.jpeg\" class=\"attachment-600x700 size-600x700\" alt=\"twinlion-urunlerimiz22\" srcset=\"https:\/\/www.twinlion.com.tr\/wp-content\/uploads\/2026\/02\/twinlion-urunlerimiz22-600x700.jpeg 600w, https:\/\/www.twinlion.com.tr\/wp-content\/uploads\/2026\/02\/twinlion-urunlerimiz22-258x300.jpeg 258w, https:\/\/www.twinlion.com.tr\/wp-content\/uploads\/2026\/02\/twinlion-urunlerimiz22-150x174.jpeg 150w\" sizes=\"auto, (max-width: 600px) 100vw, 600px\" \/>\n\t\t\t\t\t\t\t\t\t\t\t\t\t<\/a>\n\t\t\t\t\t\t\t\t\t\t\t<\/div>\n\t\t\t\t\t\t\t\t\t\t\t\t\t\t\t<div class=\"wd-gallery-item wd-col\">\n\t\t\t\t\t\t\t\t\t\t\t\t\t<a  href=\"https:\/\/www.twinlion.com.tr\/wp-content\/uploads\/2026\/02\/twinlion-urunlerimiz23.jpeg\" data-width=\"1266\" data-height=\"1600\" data-index=\"16\" data-elementor-open-lightbox=\"no\">\n\t\t\t\t\t\t\n\t\t\t\t\t\t<img loading=\"lazy\" decoding=\"async\" width=\"600\" height=\"700\" src=\"https:\/\/www.twinlion.com.tr\/wp-content\/uploads\/2026\/02\/twinlion-urunlerimiz23-600x700.jpeg\" class=\"attachment-600x700 size-600x700\" alt=\"twinlion-urunlerimiz23\" \/>\n\t\t\t\t\t\t\t\t\t\t\t\t\t<\/a>\n\t\t\t\t\t\t\t\t\t\t\t<\/div>\n\t\t\t\t\t\t\t\t\t\t\t\t\t\t\t<div class=\"wd-gallery-item wd-col\">\n\t\t\t\t\t\t\t\t\t\t\t\t\t<a  href=\"https:\/\/www.twinlion.com.tr\/wp-content\/uploads\/2026\/02\/twinlion-urunlerimiz24.jpeg\" data-width=\"1243\" data-height=\"1600\" data-index=\"17\" data-elementor-open-lightbox=\"no\">\n\t\t\t\t\t\t\n\t\t\t\t\t\t<img loading=\"lazy\" decoding=\"async\" width=\"600\" height=\"700\" src=\"https:\/\/www.twinlion.com.tr\/wp-content\/uploads\/2026\/02\/twinlion-urunlerimiz24-600x700.jpeg\" class=\"attachment-600x700 size-600x700\" alt=\"twinlion-urunlerimiz24\" \/>\n\t\t\t\t\t\t\t\t\t\t\t\t\t<\/a>\n\t\t\t\t\t\t\t\t\t\t\t<\/div>\n\t\t\t\t\t\t\t\t\t\t\t\t\t\t\t<div class=\"wd-gallery-item wd-col\">\n\t\t\t\t\t\t\t\t\t\t\t\t\t<a  href=\"https:\/\/www.twinlion.com.tr\/wp-content\/uploads\/2026\/02\/twinlion-urunlerimiz25.jpeg\" data-width=\"1299\" data-height=\"1600\" data-index=\"18\" data-elementor-open-lightbox=\"no\">\n\t\t\t\t\t\t\n\t\t\t\t\t\t<img loading=\"lazy\" decoding=\"async\" width=\"600\" height=\"700\" src=\"https:\/\/www.twinlion.com.tr\/wp-content\/uploads\/2026\/02\/twinlion-urunlerimiz25-600x700.jpeg\" class=\"attachment-600x700 size-600x700\" alt=\"twinlion-urunlerimiz25\" \/>\n\t\t\t\t\t\t\t\t\t\t\t\t\t<\/a>\n\t\t\t\t\t\t\t\t\t\t\t<\/div>\n\t\t\t\t\t\t\t\t\t\t\t\t\t\t\t<div class=\"wd-gallery-item wd-col\">\n\t\t\t\t\t\t\t\t\t\t\t\t\t<a  href=\"https:\/\/www.twinlion.com.tr\/wp-content\/uploads\/2026\/02\/twinlion-urunlerimiz26.jpeg\" data-width=\"1324\" data-height=\"1600\" data-index=\"19\" data-elementor-open-lightbox=\"no\">\n\t\t\t\t\t\t\n\t\t\t\t\t\t<img loading=\"lazy\" decoding=\"async\" width=\"600\" height=\"700\" src=\"https:\/\/www.twinlion.com.tr\/wp-content\/uploads\/2026\/02\/twinlion-urunlerimiz26-600x700.jpeg\" class=\"attachment-600x700 size-600x700\" alt=\"twinlion-urunlerimiz26\" \/>\n\t\t\t\t\t\t\t\t\t\t\t\t\t<\/a>\n\t\t\t\t\t\t\t\t\t\t\t<\/div>\n\t\t\t\t\t\t\t\t\t\t\t\t\t<\/div>\n\t\t\t\t\t<\/div>\n\t\t\t\t\t\t<\/div>\n\t\t\t\t<\/div>\n\t\t\t\t\t<\/div>\n\t\t\t\t<\/div>\n\t\t\t\t<\/div>","protected":false},"excerpt":{"rendered":"","protected":false},"author":1,"featured_media":0,"parent":29022,"menu_order":0,"comment_status":"closed","ping_status":"closed","template":"elementor_header_footer","meta":{"footnotes":""},"class_list":["post-29196","page","type-page","status-publish","hentry"],"yoast_head":"<!-- This site is optimized with the Yoast SEO plugin v27.1.1 - https:\/\/yoast.com\/product\/yoast-seo-wordpress\/ -->\n<title>Erkek Pantolon Modelleri \u2013 Rahat ve \u015e\u0131k Tasar\u0131mlar | Twin Lion<\/title>\n<meta name=\"description\" content=\"Her tarza uygun, y\u00fcksek kaliteli kuma\u015flardan \u00fcretilen erkek pantolon modelleri. Bursa&#039;daki at\u00f6lyemizde haz\u0131rlanan konforlu ve \u015f\u0131k se\u00e7enekler\" \/>\n<meta name=\"robots\" content=\"index, follow, max-snippet:-1, max-image-preview:large, max-video-preview:-1\" \/>\n<link rel=\"canonical\" href=\"https:\/\/www.twinlion.com.tr\/en\/urunlerimiz\/erkek-pantolonlari\/\" \/>\n<meta property=\"og:locale\" content=\"en_GB\" \/>\n<meta property=\"og:type\" content=\"article\" \/>\n<meta property=\"og:title\" content=\"Erkek Pantolon Modelleri \u2013 Rahat ve \u015e\u0131k Tasar\u0131mlar | Twin Lion\" \/>\n<meta property=\"og:description\" content=\"Her tarza uygun, y\u00fcksek kaliteli kuma\u015flardan \u00fcretilen erkek pantolon modelleri. Bursa&#039;daki at\u00f6lyemizde haz\u0131rlanan konforlu ve \u015f\u0131k se\u00e7enekler\" \/>\n<meta property=\"og:url\" content=\"https:\/\/www.twinlion.com.tr\/en\/urunlerimiz\/erkek-pantolonlari\/\" \/>\n<meta property=\"og:site_name\" content=\"Twinlion\" \/>\n<meta property=\"article:modified_time\" content=\"2026-03-13T12:26:33+00:00\" \/>\n<meta property=\"og:image\" content=\"https:\/\/www.twinlion.com.tr\/wp-content\/uploads\/2026\/02\/twinlion-urunlerimiz8-600x700.jpeg\" \/>\n<meta name=\"twitter:card\" content=\"summary_large_image\" \/>\n<meta name=\"twitter:label1\" content=\"Estimated reading time\" \/>\n\t<meta name=\"twitter:data1\" content=\"4 minutes\" \/>\n<script type=\"application\/ld+json\" class=\"yoast-schema-graph\">{\"@context\":\"https:\/\/schema.org\",\"@graph\":[{\"@type\":\"WebPage\",\"@id\":\"https:\/\/www.twinlion.com.tr\/urunlerimiz\/erkek-pantolonlari\/\",\"url\":\"https:\/\/www.twinlion.com.tr\/urunlerimiz\/erkek-pantolonlari\/\",\"name\":\"Erkek Pantolon Modelleri \u2013 Rahat ve \u015e\u0131k Tasar\u0131mlar | Twin Lion\",\"isPartOf\":{\"@id\":\"https:\/\/www.twinlion.com.tr\/#website\"},\"primaryImageOfPage\":{\"@id\":\"https:\/\/www.twinlion.com.tr\/urunlerimiz\/erkek-pantolonlari\/#primaryimage\"},\"image\":{\"@id\":\"https:\/\/www.twinlion.com.tr\/urunlerimiz\/erkek-pantolonlari\/#primaryimage\"},\"thumbnailUrl\":\"https:\/\/www.twinlion.com.tr\/wp-content\/uploads\/2026\/02\/twinlion-urunlerimiz8-600x700.jpeg\",\"datePublished\":\"2026-02-27T14:33:41+00:00\",\"dateModified\":\"2026-03-13T12:26:33+00:00\",\"description\":\"Her tarza uygun, y\u00fcksek kaliteli kuma\u015flardan \u00fcretilen erkek pantolon modelleri. Bursa'daki at\u00f6lyemizde haz\u0131rlanan konforlu ve \u015f\u0131k se\u00e7enekler\",\"breadcrumb\":{\"@id\":\"https:\/\/www.twinlion.com.tr\/urunlerimiz\/erkek-pantolonlari\/#breadcrumb\"},\"inLanguage\":\"en-GB\",\"potentialAction\":[{\"@type\":\"ReadAction\",\"target\":[\"https:\/\/www.twinlion.com.tr\/urunlerimiz\/erkek-pantolonlari\/\"]}]},{\"@type\":\"ImageObject\",\"inLanguage\":\"en-GB\",\"@id\":\"https:\/\/www.twinlion.com.tr\/urunlerimiz\/erkek-pantolonlari\/#primaryimage\",\"url\":\"https:\/\/www.twinlion.com.tr\/wp-content\/uploads\/2026\/02\/twinlion-urunlerimiz8-600x700.jpeg\",\"contentUrl\":\"https:\/\/www.twinlion.com.tr\/wp-content\/uploads\/2026\/02\/twinlion-urunlerimiz8-600x700.jpeg\"},{\"@type\":\"BreadcrumbList\",\"@id\":\"https:\/\/www.twinlion.com.tr\/urunlerimiz\/erkek-pantolonlari\/#breadcrumb\",\"itemListElement\":[{\"@type\":\"ListItem\",\"position\":1,\"name\":\"Anasayfa\",\"item\":\"https:\/\/www.twinlion.com.tr\/\"},{\"@type\":\"ListItem\",\"position\":2,\"name\":\"\u00dcr\u00fcnlerimiz\",\"item\":\"https:\/\/www.twinlion.com.tr\/urunlerimiz\/\"},{\"@type\":\"ListItem\",\"position\":3,\"name\":\"Erkek Pantolonlar\u0131\"}]},{\"@type\":\"WebSite\",\"@id\":\"https:\/\/www.twinlion.com.tr\/#website\",\"url\":\"https:\/\/www.twinlion.com.tr\/\",\"name\":\"Twin Lion\",\"description\":\"Toptan Sat\u0131\u015f \/ Wholesale\",\"publisher\":{\"@id\":\"https:\/\/www.twinlion.com.tr\/#organization\"},\"potentialAction\":[{\"@type\":\"SearchAction\",\"target\":{\"@type\":\"EntryPoint\",\"urlTemplate\":\"https:\/\/www.twinlion.com.tr\/?s={search_term_string}\"},\"query-input\":{\"@type\":\"PropertyValueSpecification\",\"valueRequired\":true,\"valueName\":\"search_term_string\"}}],\"inLanguage\":\"en-GB\"},{\"@type\":\"Organization\",\"@id\":\"https:\/\/www.twinlion.com.tr\/#organization\",\"name\":\"Twin Lion\",\"url\":\"https:\/\/www.twinlion.com.tr\/\",\"logo\":{\"@type\":\"ImageObject\",\"inLanguage\":\"en-GB\",\"@id\":\"https:\/\/www.twinlion.com.tr\/#\/schema\/logo\/image\/\",\"url\":\"https:\/\/www.twinlion.com.tr\/wp-content\/uploads\/2026\/03\/twin-lion-logo-new2.png\",\"contentUrl\":\"https:\/\/www.twinlion.com.tr\/wp-content\/uploads\/2026\/03\/twin-lion-logo-new2.png\",\"width\":1000,\"height\":700,\"caption\":\"Twin Lion\"},\"image\":{\"@id\":\"https:\/\/www.twinlion.com.tr\/#\/schema\/logo\/image\/\"},\"sameAs\":[\"https:\/\/www.instagram.com\/twinlionofficial\",\"https:\/\/l.instagram.com\/?u=httpst.me7mO1-FZir8QwZDE0utm_sourceigutm_mediumsocialutm_contentlink_in_biofbclidPAZXh0bgNhZW0CMTEAc3J0YwZhcHBfaWQMMjU2MjgxMDQwNTU4AAGn7MC7FqmQ-sCqMBzN3uftTraPaZ9AoKCSZK_5WPAmveBH8Z0RYF2nyaPrHZE_aem_vk9Kwd8uqx33GBFNVd6TmQ&e=AT2uRgoFCTB1_5nfKv_I15FA5KLhJhlkFKc1hAts5ghJRqz2JSZIUf8t6a5TBwbdVZbaow2o02isC9oRlkxPgIhkqGOpPgDeMsEOvjrL9Q\"]}]}<\/script>\n<!-- \/ Yoast SEO plugin. -->","yoast_head_json":{"title":"Erkek Pantolon Modelleri \u2013 Rahat ve \u015e\u0131k Tasar\u0131mlar | Twin Lion","description":"Her tarza uygun, y\u00fcksek kaliteli kuma\u015flardan \u00fcretilen erkek pantolon modelleri. Bursa'daki at\u00f6lyemizde haz\u0131rlanan konforlu ve \u015f\u0131k se\u00e7enekler","robots":{"index":"index","follow":"follow","max-snippet":"max-snippet:-1","max-image-preview":"max-image-preview:large","max-video-preview":"max-video-preview:-1"},"canonical":"https:\/\/www.twinlion.com.tr\/en\/urunlerimiz\/erkek-pantolonlari\/","og_locale":"en_GB","og_type":"article","og_title":"Erkek Pantolon Modelleri \u2013 Rahat ve \u015e\u0131k Tasar\u0131mlar | Twin Lion","og_description":"Her tarza uygun, y\u00fcksek kaliteli kuma\u015flardan \u00fcretilen erkek pantolon modelleri. Bursa'daki at\u00f6lyemizde haz\u0131rlanan konforlu ve \u015f\u0131k se\u00e7enekler","og_url":"https:\/\/www.twinlion.com.tr\/en\/urunlerimiz\/erkek-pantolonlari\/","og_site_name":"Twinlion","article_modified_time":"2026-03-13T12:26:33+00:00","og_image":[{"url":"https:\/\/www.twinlion.com.tr\/wp-content\/uploads\/2026\/02\/twinlion-urunlerimiz8-600x700.jpeg","type":"","width":"","height":""}],"twitter_card":"summary_large_image","twitter_misc":{"Estimated reading time":"4 minutes"},"schema":{"@context":"https:\/\/schema.org","@graph":[{"@type":"WebPage","@id":"https:\/\/www.twinlion.com.tr\/urunlerimiz\/erkek-pantolonlari\/","url":"https:\/\/www.twinlion.com.tr\/urunlerimiz\/erkek-pantolonlari\/","name":"Erkek Pantolon Modelleri \u2013 Rahat ve \u015e\u0131k Tasar\u0131mlar | Twin Lion","isPartOf":{"@id":"https:\/\/www.twinlion.com.tr\/#website"},"primaryImageOfPage":{"@id":"https:\/\/www.twinlion.com.tr\/urunlerimiz\/erkek-pantolonlari\/#primaryimage"},"image":{"@id":"https:\/\/www.twinlion.com.tr\/urunlerimiz\/erkek-pantolonlari\/#primaryimage"},"thumbnailUrl":"https:\/\/www.twinlion.com.tr\/wp-content\/uploads\/2026\/02\/twinlion-urunlerimiz8-600x700.jpeg","datePublished":"2026-02-27T14:33:41+00:00","dateModified":"2026-03-13T12:26:33+00:00","description":"Her tarza uygun, y\u00fcksek kaliteli kuma\u015flardan \u00fcretilen erkek pantolon modelleri. Bursa'daki at\u00f6lyemizde haz\u0131rlanan konforlu ve \u015f\u0131k se\u00e7enekler","breadcrumb":{"@id":"https:\/\/www.twinlion.com.tr\/urunlerimiz\/erkek-pantolonlari\/#breadcrumb"},"inLanguage":"en-GB","potentialAction":[{"@type":"ReadAction","target":["https:\/\/www.twinlion.com.tr\/urunlerimiz\/erkek-pantolonlari\/"]}]},{"@type":"ImageObject","inLanguage":"en-GB","@id":"https:\/\/www.twinlion.com.tr\/urunlerimiz\/erkek-pantolonlari\/#primaryimage","url":"https:\/\/www.twinlion.com.tr\/wp-content\/uploads\/2026\/02\/twinlion-urunlerimiz8-600x700.jpeg","contentUrl":"https:\/\/www.twinlion.com.tr\/wp-content\/uploads\/2026\/02\/twinlion-urunlerimiz8-600x700.jpeg"},{"@type":"BreadcrumbList","@id":"https:\/\/www.twinlion.com.tr\/urunlerimiz\/erkek-pantolonlari\/#breadcrumb","itemListElement":[{"@type":"ListItem","position":1,"name":"Anasayfa","item":"https:\/\/www.twinlion.com.tr\/"},{"@type":"ListItem","position":2,"name":"\u00dcr\u00fcnlerimiz","item":"https:\/\/www.twinlion.com.tr\/urunlerimiz\/"},{"@type":"ListItem","position":3,"name":"Erkek Pantolonlar\u0131"}]},{"@type":"WebSite","@id":"https:\/\/www.twinlion.com.tr\/#website","url":"https:\/\/www.twinlion.com.tr\/","name":"Twin Lion","description":"Toptan Sat\u0131\u015f \/ Wholesale","publisher":{"@id":"https:\/\/www.twinlion.com.tr\/#organization"},"potentialAction":[{"@type":"SearchAction","target":{"@type":"EntryPoint","urlTemplate":"https:\/\/www.twinlion.com.tr\/?s={search_term_string}"},"query-input":{"@type":"PropertyValueSpecification","valueRequired":true,"valueName":"search_term_string"}}],"inLanguage":"en-GB"},{"@type":"Organization","@id":"https:\/\/www.twinlion.com.tr\/#organization","name":"Twin Lion","url":"https:\/\/www.twinlion.com.tr\/","logo":{"@type":"ImageObject","inLanguage":"en-GB","@id":"https:\/\/www.twinlion.com.tr\/#\/schema\/logo\/image\/","url":"https:\/\/www.twinlion.com.tr\/wp-content\/uploads\/2026\/03\/twin-lion-logo-new2.png","contentUrl":"https:\/\/www.twinlion.com.tr\/wp-content\/uploads\/2026\/03\/twin-lion-logo-new2.png","width":1000,"height":700,"caption":"Twin Lion"},"image":{"@id":"https:\/\/www.twinlion.com.tr\/#\/schema\/logo\/image\/"},"sameAs":["https:\/\/www.instagram.com\/twinlionofficial","https:\/\/l.instagram.com\/?u=httpst.me7mO1-FZir8QwZDE0utm_sourceigutm_mediumsocialutm_contentlink_in_biofbclidPAZXh0bgNhZW0CMTEAc3J0YwZhcHBfaWQMMjU2MjgxMDQwNTU4AAGn7MC7FqmQ-sCqMBzN3uftTraPaZ9AoKCSZK_5WPAmveBH8Z0RYF2nyaPrHZE_aem_vk9Kwd8uqx33GBFNVd6TmQ&e=AT2uRgoFCTB1_5nfKv_I15FA5KLhJhlkFKc1hAts5ghJRqz2JSZIUf8t6a5TBwbdVZbaow2o02isC9oRlkxPgIhkqGOpPgDeMsEOvjrL9Q"]}]}},"_links":{"self":[{"href":"https:\/\/www.twinlion.com.tr\/en\/wp-json\/wp\/v2\/pages\/29196","targetHints":{"allow":["GET"]}}],"collection":[{"href":"https:\/\/www.twinlion.com.tr\/en\/wp-json\/wp\/v2\/pages"}],"about":[{"href":"https:\/\/www.twinlion.com.tr\/en\/wp-json\/wp\/v2\/types\/page"}],"author":[{"embeddable":true,"href":"https:\/\/www.twinlion.com.tr\/en\/wp-json\/wp\/v2\/users\/1"}],"replies":[{"embeddable":true,"href":"https:\/\/www.twinlion.com.tr\/en\/wp-json\/wp\/v2\/comments?post=29196"}],"version-history":[{"count":7,"href":"https:\/\/www.twinlion.com.tr\/en\/wp-json\/wp\/v2\/pages\/29196\/revisions"}],"predecessor-version":[{"id":29691,"href":"https:\/\/www.twinlion.com.tr\/en\/wp-json\/wp\/v2\/pages\/29196\/revisions\/29691"}],"up":[{"embeddable":true,"href":"https:\/\/www.twinlion.com.tr\/en\/wp-json\/wp\/v2\/pages\/29022"}],"wp:attachment":[{"href":"https:\/\/www.twinlion.com.tr\/en\/wp-json\/wp\/v2\/media?parent=29196"}],"curies":[{"name":"wp","href":"https:\/\/api.w.org\/{rel}","templated":true}]}}