{"id":29167,"date":"2026-02-27T14:21:29","date_gmt":"2026-02-27T14:21:29","guid":{"rendered":"https:\/\/www.twinlion.com.tr\/?page_id=29167"},"modified":"2026-03-13T12:25:35","modified_gmt":"2026-03-13T12:25:35","slug":"erkek-gomlekleri","status":"publish","type":"page","link":"https:\/\/www.twinlion.com.tr\/en\/urunlerimiz\/erkek-gomlekleri\/","title":{"rendered":"Men's Shirts"},"content":{"rendered":"<div data-elementor-type=\"wp-page\" data-elementor-id=\"29167\" class=\"elementor elementor-29167\">\n\t\t\t\t<div class=\"elementor-element elementor-element-b097e47 wd-section-stretch e-flex e-con-boxed e-con e-parent\" data-id=\"b097e47\" data-element_type=\"container\" data-e-type=\"container\" data-settings=\"{&quot;background_background&quot;:&quot;classic&quot;}\">\n\t\t\t\t\t<div class=\"e-con-inner\">\n\t\t\t\t<div class=\"elementor-element elementor-element-4f632c4 wd-width-100 elementor-widget elementor-widget-wd_images_gallery\" data-id=\"4f632c4\" data-element_type=\"widget\" data-e-type=\"widget\" data-widget_type=\"wd_images_gallery.default\">\n\t\t\t\t<div class=\"elementor-widget-container\">\n\t\t\t\t\t\t\t<div class=\"wd-images-gallery photoswipe-images\" style=\"--wd-align-items:center; --wd-justify-content:center;\">\n\t\t\t\t\t\t<div class=\"wd-grid-g\" style=\"--wd-col-lg:4;--wd-col-md:4;--wd-col-sm:1;--wd-gap-lg:20px;--wd-gap-sm:10px;\" >\n\t\t\t\t\t\t\t\t\t\t\t\t\t\t\t\t\t\t<div class=\"wd-gallery-item wd-col\">\n\t\t\t\t\t\t\t\t\t\t\t\t\t<a  href=\"https:\/\/www.twinlion.com.tr\/wp-content\/uploads\/2026\/02\/twinlion-urunlerimiz1.jpeg\" data-width=\"1632\" data-height=\"1783\" data-index=\"1\" data-elementor-open-lightbox=\"no\">\n\t\t\t\t\t\t\n\t\t\t\t\t\t<img loading=\"lazy\" decoding=\"async\" width=\"600\" height=\"700\" src=\"https:\/\/www.twinlion.com.tr\/wp-content\/uploads\/2026\/02\/twinlion-urunlerimiz1-600x700.jpeg\" class=\"attachment-600x700 size-600x700\" alt=\"twinlion-urunlerimiz1\" \/>\n\t\t\t\t\t\t\t\t\t\t\t\t\t<\/a>\n\t\t\t\t\t\t\t\t\t\t\t<\/div>\n\t\t\t\t\t\t\t\t\t\t\t\t\t\t\t<div class=\"wd-gallery-item wd-col\">\n\t\t\t\t\t\t\t\t\t\t\t\t\t<a  href=\"https:\/\/www.twinlion.com.tr\/wp-content\/uploads\/2026\/02\/twinlion-urunlerimiz2.jpeg\" data-width=\"1352\" data-height=\"1600\" data-index=\"2\" data-elementor-open-lightbox=\"no\">\n\t\t\t\t\t\t\n\t\t\t\t\t\t<img loading=\"lazy\" decoding=\"async\" width=\"600\" height=\"700\" src=\"https:\/\/www.twinlion.com.tr\/wp-content\/uploads\/2026\/02\/twinlion-urunlerimiz2-600x700.jpeg\" class=\"attachment-600x700 size-600x700\" alt=\"twinlion-urunlerimiz2\" \/>\n\t\t\t\t\t\t\t\t\t\t\t\t\t<\/a>\n\t\t\t\t\t\t\t\t\t\t\t<\/div>\n\t\t\t\t\t\t\t\t\t\t\t\t\t\t\t<div class=\"wd-gallery-item wd-col\">\n\t\t\t\t\t\t\t\t\t\t\t\t\t<a  href=\"https:\/\/www.twinlion.com.tr\/wp-content\/uploads\/2026\/02\/twinlion-urunlerimiz3.jpeg\" data-width=\"1359\" data-height=\"1600\" data-index=\"3\" data-elementor-open-lightbox=\"no\">\n\t\t\t\t\t\t\n\t\t\t\t\t\t<img loading=\"lazy\" decoding=\"async\" width=\"600\" height=\"700\" src=\"https:\/\/www.twinlion.com.tr\/wp-content\/uploads\/2026\/02\/twinlion-urunlerimiz3-600x700.jpeg\" class=\"attachment-600x700 size-600x700\" alt=\"twinlion-urunlerimiz3\" \/>\n\t\t\t\t\t\t\t\t\t\t\t\t\t<\/a>\n\t\t\t\t\t\t\t\t\t\t\t<\/div>\n\t\t\t\t\t\t\t\t\t\t\t\t\t\t\t<div class=\"wd-gallery-item wd-col\">\n\t\t\t\t\t\t\t\t\t\t\t\t\t<a  href=\"https:\/\/www.twinlion.com.tr\/wp-content\/uploads\/2026\/02\/twinlion-urunlerimiz4.jpeg\" data-width=\"1387\" data-height=\"1600\" data-index=\"4\" data-elementor-open-lightbox=\"no\">\n\t\t\t\t\t\t\n\t\t\t\t\t\t<img loading=\"lazy\" decoding=\"async\" width=\"600\" height=\"700\" src=\"https:\/\/www.twinlion.com.tr\/wp-content\/uploads\/2026\/02\/twinlion-urunlerimiz4-600x700.jpeg\" class=\"attachment-600x700 size-600x700\" alt=\"twinlion-urunlerimiz4\" \/>\n\t\t\t\t\t\t\t\t\t\t\t\t\t<\/a>\n\t\t\t\t\t\t\t\t\t\t\t<\/div>\n\t\t\t\t\t\t\t\t\t\t\t\t\t\t\t<div class=\"wd-gallery-item wd-col\">\n\t\t\t\t\t\t\t\t\t\t\t\t\t<a  href=\"https:\/\/www.twinlion.com.tr\/wp-content\/uploads\/2026\/02\/twinlion-urunlerimiz5.jpeg\" data-width=\"1434\" data-height=\"1600\" data-index=\"5\" data-elementor-open-lightbox=\"no\">\n\t\t\t\t\t\t\n\t\t\t\t\t\t<img loading=\"lazy\" decoding=\"async\" width=\"600\" height=\"700\" src=\"https:\/\/www.twinlion.com.tr\/wp-content\/uploads\/2026\/02\/twinlion-urunlerimiz5-600x700.jpeg\" class=\"attachment-600x700 size-600x700\" alt=\"twinlion-urunlerimiz5\" \/>\n\t\t\t\t\t\t\t\t\t\t\t\t\t<\/a>\n\t\t\t\t\t\t\t\t\t\t\t<\/div>\n\t\t\t\t\t\t\t\t\t\t\t\t\t\t\t<div class=\"wd-gallery-item wd-col\">\n\t\t\t\t\t\t\t\t\t\t\t\t\t<a  href=\"https:\/\/www.twinlion.com.tr\/wp-content\/uploads\/2026\/02\/twinlion-urunlerimiz6.jpeg\" data-width=\"1375\" data-height=\"1600\" data-index=\"6\" data-elementor-open-lightbox=\"no\">\n\t\t\t\t\t\t\n\t\t\t\t\t\t<img loading=\"lazy\" decoding=\"async\" width=\"600\" height=\"700\" src=\"https:\/\/www.twinlion.com.tr\/wp-content\/uploads\/2026\/02\/twinlion-urunlerimiz6-600x700.jpeg\" class=\"attachment-600x700 size-600x700\" alt=\"twinlion-urunlerimiz6\" srcset=\"https:\/\/www.twinlion.com.tr\/wp-content\/uploads\/2026\/02\/twinlion-urunlerimiz6-600x700.jpeg 600w, https:\/\/www.twinlion.com.tr\/wp-content\/uploads\/2026\/02\/twinlion-urunlerimiz6-258x300.jpeg 258w, https:\/\/www.twinlion.com.tr\/wp-content\/uploads\/2026\/02\/twinlion-urunlerimiz6-700x815.jpeg 700w, https:\/\/www.twinlion.com.tr\/wp-content\/uploads\/2026\/02\/twinlion-urunlerimiz6-150x175.jpeg 150w\" sizes=\"auto, (max-width: 600px) 100vw, 600px\" \/>\n\t\t\t\t\t\t\t\t\t\t\t\t\t<\/a>\n\t\t\t\t\t\t\t\t\t\t\t<\/div>\n\t\t\t\t\t\t\t\t\t\t\t\t\t\t\t<div class=\"wd-gallery-item wd-col\">\n\t\t\t\t\t\t\t\t\t\t\t\t\t<a  href=\"https:\/\/www.twinlion.com.tr\/wp-content\/uploads\/2026\/02\/twinlion-urunlerimiz7.jpeg\" data-width=\"1413\" data-height=\"1600\" data-index=\"7\" data-elementor-open-lightbox=\"no\">\n\t\t\t\t\t\t\n\t\t\t\t\t\t<img loading=\"lazy\" decoding=\"async\" width=\"600\" height=\"700\" src=\"https:\/\/www.twinlion.com.tr\/wp-content\/uploads\/2026\/02\/twinlion-urunlerimiz7-600x700.jpeg\" class=\"attachment-600x700 size-600x700\" alt=\"twinlion-urunlerimiz7\" \/>\n\t\t\t\t\t\t\t\t\t\t\t\t\t<\/a>\n\t\t\t\t\t\t\t\t\t\t\t<\/div>\n\t\t\t\t\t\t\t\t\t\t\t\t\t<\/div>\n\t\t\t\t\t<\/div>\n\t\t\t\t\t\t<\/div>\n\t\t\t\t<\/div>\n\t\t\t\t\t<\/div>\n\t\t\t\t<\/div>\n\t\t\t\t<\/div>","protected":false},"excerpt":{"rendered":"","protected":false},"author":1,"featured_media":0,"parent":29022,"menu_order":0,"comment_status":"closed","ping_status":"closed","template":"elementor_header_footer","meta":{"footnotes":""},"class_list":["post-29167","page","type-page","status-publish","hentry"],"yoast_head":"<!-- This site is optimized with the Yoast SEO plugin v27.1.1 - https:\/\/yoast.com\/product\/yoast-seo-wordpress\/ -->\n<title>Erkek G\u00f6mlek Modelleri ve Tasar\u0131mlar\u0131 | Twin Lion<\/title>\n<meta name=\"description\" content=\"Klasik ve modern \u00e7izgilerin bulu\u015ftu\u011fu Twin Lion erkek g\u00f6mlek koleksiyonu. Kaliteli kuma\u015f ve kusursuz i\u015f\u00e7ilik.\" \/>\n<meta name=\"robots\" content=\"index, follow, max-snippet:-1, max-image-preview:large, max-video-preview:-1\" \/>\n<link rel=\"canonical\" href=\"https:\/\/www.twinlion.com.tr\/en\/urunlerimiz\/erkek-gomlekleri\/\" \/>\n<meta property=\"og:locale\" content=\"en_GB\" \/>\n<meta property=\"og:type\" content=\"article\" \/>\n<meta property=\"og:title\" content=\"Erkek G\u00f6mlek Modelleri ve Tasar\u0131mlar\u0131 | Twin Lion\" \/>\n<meta property=\"og:description\" content=\"Klasik ve modern \u00e7izgilerin bulu\u015ftu\u011fu Twin Lion erkek g\u00f6mlek koleksiyonu. Kaliteli kuma\u015f ve kusursuz i\u015f\u00e7ilik.\" \/>\n<meta property=\"og:url\" content=\"https:\/\/www.twinlion.com.tr\/en\/urunlerimiz\/erkek-gomlekleri\/\" \/>\n<meta property=\"og:site_name\" content=\"Twinlion\" \/>\n<meta property=\"article:modified_time\" content=\"2026-03-13T12:25:35+00:00\" \/>\n<meta property=\"og:image\" content=\"https:\/\/www.twinlion.com.tr\/wp-content\/uploads\/2026\/02\/twinlion-urunlerimiz1-600x700.jpeg\" \/>\n<meta name=\"twitter:card\" content=\"summary_large_image\" \/>\n<meta name=\"twitter:label1\" content=\"Estimated reading time\" \/>\n\t<meta name=\"twitter:data1\" content=\"2 minutes\" \/>\n<script type=\"application\/ld+json\" class=\"yoast-schema-graph\">{\"@context\":\"https:\/\/schema.org\",\"@graph\":[{\"@type\":\"WebPage\",\"@id\":\"https:\/\/www.twinlion.com.tr\/urunlerimiz\/erkek-gomlekleri\/\",\"url\":\"https:\/\/www.twinlion.com.tr\/urunlerimiz\/erkek-gomlekleri\/\",\"name\":\"Erkek G\u00f6mlek Modelleri ve Tasar\u0131mlar\u0131 | Twin Lion\",\"isPartOf\":{\"@id\":\"https:\/\/www.twinlion.com.tr\/#website\"},\"primaryImageOfPage\":{\"@id\":\"https:\/\/www.twinlion.com.tr\/urunlerimiz\/erkek-gomlekleri\/#primaryimage\"},\"image\":{\"@id\":\"https:\/\/www.twinlion.com.tr\/urunlerimiz\/erkek-gomlekleri\/#primaryimage\"},\"thumbnailUrl\":\"https:\/\/www.twinlion.com.tr\/wp-content\/uploads\/2026\/02\/twinlion-urunlerimiz1-600x700.jpeg\",\"datePublished\":\"2026-02-27T14:21:29+00:00\",\"dateModified\":\"2026-03-13T12:25:35+00:00\",\"description\":\"Klasik ve modern \u00e7izgilerin bulu\u015ftu\u011fu Twin Lion erkek g\u00f6mlek koleksiyonu. Kaliteli kuma\u015f ve kusursuz i\u015f\u00e7ilik.\",\"breadcrumb\":{\"@id\":\"https:\/\/www.twinlion.com.tr\/urunlerimiz\/erkek-gomlekleri\/#breadcrumb\"},\"inLanguage\":\"en-GB\",\"potentialAction\":[{\"@type\":\"ReadAction\",\"target\":[\"https:\/\/www.twinlion.com.tr\/urunlerimiz\/erkek-gomlekleri\/\"]}]},{\"@type\":\"ImageObject\",\"inLanguage\":\"en-GB\",\"@id\":\"https:\/\/www.twinlion.com.tr\/urunlerimiz\/erkek-gomlekleri\/#primaryimage\",\"url\":\"https:\/\/www.twinlion.com.tr\/wp-content\/uploads\/2026\/02\/twinlion-urunlerimiz1-600x700.jpeg\",\"contentUrl\":\"https:\/\/www.twinlion.com.tr\/wp-content\/uploads\/2026\/02\/twinlion-urunlerimiz1-600x700.jpeg\"},{\"@type\":\"BreadcrumbList\",\"@id\":\"https:\/\/www.twinlion.com.tr\/urunlerimiz\/erkek-gomlekleri\/#breadcrumb\",\"itemListElement\":[{\"@type\":\"ListItem\",\"position\":1,\"name\":\"Anasayfa\",\"item\":\"https:\/\/www.twinlion.com.tr\/\"},{\"@type\":\"ListItem\",\"position\":2,\"name\":\"\u00dcr\u00fcnlerimiz\",\"item\":\"https:\/\/www.twinlion.com.tr\/urunlerimiz\/\"},{\"@type\":\"ListItem\",\"position\":3,\"name\":\"Erkek G\u00f6mlekleri\"}]},{\"@type\":\"WebSite\",\"@id\":\"https:\/\/www.twinlion.com.tr\/#website\",\"url\":\"https:\/\/www.twinlion.com.tr\/\",\"name\":\"Twin Lion\",\"description\":\"Toptan Sat\u0131\u015f \/ Wholesale\",\"publisher\":{\"@id\":\"https:\/\/www.twinlion.com.tr\/#organization\"},\"potentialAction\":[{\"@type\":\"SearchAction\",\"target\":{\"@type\":\"EntryPoint\",\"urlTemplate\":\"https:\/\/www.twinlion.com.tr\/?s={search_term_string}\"},\"query-input\":{\"@type\":\"PropertyValueSpecification\",\"valueRequired\":true,\"valueName\":\"search_term_string\"}}],\"inLanguage\":\"en-GB\"},{\"@type\":\"Organization\",\"@id\":\"https:\/\/www.twinlion.com.tr\/#organization\",\"name\":\"Twin Lion\",\"url\":\"https:\/\/www.twinlion.com.tr\/\",\"logo\":{\"@type\":\"ImageObject\",\"inLanguage\":\"en-GB\",\"@id\":\"https:\/\/www.twinlion.com.tr\/#\/schema\/logo\/image\/\",\"url\":\"https:\/\/www.twinlion.com.tr\/wp-content\/uploads\/2026\/03\/twin-lion-logo-new2.png\",\"contentUrl\":\"https:\/\/www.twinlion.com.tr\/wp-content\/uploads\/2026\/03\/twin-lion-logo-new2.png\",\"width\":1000,\"height\":700,\"caption\":\"Twin Lion\"},\"image\":{\"@id\":\"https:\/\/www.twinlion.com.tr\/#\/schema\/logo\/image\/\"},\"sameAs\":[\"https:\/\/www.instagram.com\/twinlionofficial\",\"https:\/\/l.instagram.com\/?u=httpst.me7mO1-FZir8QwZDE0utm_sourceigutm_mediumsocialutm_contentlink_in_biofbclidPAZXh0bgNhZW0CMTEAc3J0YwZhcHBfaWQMMjU2MjgxMDQwNTU4AAGn7MC7FqmQ-sCqMBzN3uftTraPaZ9AoKCSZK_5WPAmveBH8Z0RYF2nyaPrHZE_aem_vk9Kwd8uqx33GBFNVd6TmQ&e=AT2uRgoFCTB1_5nfKv_I15FA5KLhJhlkFKc1hAts5ghJRqz2JSZIUf8t6a5TBwbdVZbaow2o02isC9oRlkxPgIhkqGOpPgDeMsEOvjrL9Q\"]}]}<\/script>\n<!-- \/ Yoast SEO plugin. -->","yoast_head_json":{"title":"Erkek G\u00f6mlek Modelleri ve Tasar\u0131mlar\u0131 | Twin Lion","description":"Klasik ve modern \u00e7izgilerin bulu\u015ftu\u011fu Twin Lion erkek g\u00f6mlek koleksiyonu. Kaliteli kuma\u015f ve kusursuz i\u015f\u00e7ilik.","robots":{"index":"index","follow":"follow","max-snippet":"max-snippet:-1","max-image-preview":"max-image-preview:large","max-video-preview":"max-video-preview:-1"},"canonical":"https:\/\/www.twinlion.com.tr\/en\/urunlerimiz\/erkek-gomlekleri\/","og_locale":"en_GB","og_type":"article","og_title":"Erkek G\u00f6mlek Modelleri ve Tasar\u0131mlar\u0131 | Twin Lion","og_description":"Klasik ve modern \u00e7izgilerin bulu\u015ftu\u011fu Twin Lion erkek g\u00f6mlek koleksiyonu. Kaliteli kuma\u015f ve kusursuz i\u015f\u00e7ilik.","og_url":"https:\/\/www.twinlion.com.tr\/en\/urunlerimiz\/erkek-gomlekleri\/","og_site_name":"Twinlion","article_modified_time":"2026-03-13T12:25:35+00:00","og_image":[{"url":"https:\/\/www.twinlion.com.tr\/wp-content\/uploads\/2026\/02\/twinlion-urunlerimiz1-600x700.jpeg","type":"","width":"","height":""}],"twitter_card":"summary_large_image","twitter_misc":{"Estimated reading time":"2 minutes"},"schema":{"@context":"https:\/\/schema.org","@graph":[{"@type":"WebPage","@id":"https:\/\/www.twinlion.com.tr\/urunlerimiz\/erkek-gomlekleri\/","url":"https:\/\/www.twinlion.com.tr\/urunlerimiz\/erkek-gomlekleri\/","name":"Erkek G\u00f6mlek Modelleri ve Tasar\u0131mlar\u0131 | Twin Lion","isPartOf":{"@id":"https:\/\/www.twinlion.com.tr\/#website"},"primaryImageOfPage":{"@id":"https:\/\/www.twinlion.com.tr\/urunlerimiz\/erkek-gomlekleri\/#primaryimage"},"image":{"@id":"https:\/\/www.twinlion.com.tr\/urunlerimiz\/erkek-gomlekleri\/#primaryimage"},"thumbnailUrl":"https:\/\/www.twinlion.com.tr\/wp-content\/uploads\/2026\/02\/twinlion-urunlerimiz1-600x700.jpeg","datePublished":"2026-02-27T14:21:29+00:00","dateModified":"2026-03-13T12:25:35+00:00","description":"Klasik ve modern \u00e7izgilerin bulu\u015ftu\u011fu Twin Lion erkek g\u00f6mlek koleksiyonu. Kaliteli kuma\u015f ve kusursuz i\u015f\u00e7ilik.","breadcrumb":{"@id":"https:\/\/www.twinlion.com.tr\/urunlerimiz\/erkek-gomlekleri\/#breadcrumb"},"inLanguage":"en-GB","potentialAction":[{"@type":"ReadAction","target":["https:\/\/www.twinlion.com.tr\/urunlerimiz\/erkek-gomlekleri\/"]}]},{"@type":"ImageObject","inLanguage":"en-GB","@id":"https:\/\/www.twinlion.com.tr\/urunlerimiz\/erkek-gomlekleri\/#primaryimage","url":"https:\/\/www.twinlion.com.tr\/wp-content\/uploads\/2026\/02\/twinlion-urunlerimiz1-600x700.jpeg","contentUrl":"https:\/\/www.twinlion.com.tr\/wp-content\/uploads\/2026\/02\/twinlion-urunlerimiz1-600x700.jpeg"},{"@type":"BreadcrumbList","@id":"https:\/\/www.twinlion.com.tr\/urunlerimiz\/erkek-gomlekleri\/#breadcrumb","itemListElement":[{"@type":"ListItem","position":1,"name":"Anasayfa","item":"https:\/\/www.twinlion.com.tr\/"},{"@type":"ListItem","position":2,"name":"\u00dcr\u00fcnlerimiz","item":"https:\/\/www.twinlion.com.tr\/urunlerimiz\/"},{"@type":"ListItem","position":3,"name":"Erkek G\u00f6mlekleri"}]},{"@type":"WebSite","@id":"https:\/\/www.twinlion.com.tr\/#website","url":"https:\/\/www.twinlion.com.tr\/","name":"Twin Lion","description":"Toptan Sat\u0131\u015f \/ Wholesale","publisher":{"@id":"https:\/\/www.twinlion.com.tr\/#organization"},"potentialAction":[{"@type":"SearchAction","target":{"@type":"EntryPoint","urlTemplate":"https:\/\/www.twinlion.com.tr\/?s={search_term_string}"},"query-input":{"@type":"PropertyValueSpecification","valueRequired":true,"valueName":"search_term_string"}}],"inLanguage":"en-GB"},{"@type":"Organization","@id":"https:\/\/www.twinlion.com.tr\/#organization","name":"Twin Lion","url":"https:\/\/www.twinlion.com.tr\/","logo":{"@type":"ImageObject","inLanguage":"en-GB","@id":"https:\/\/www.twinlion.com.tr\/#\/schema\/logo\/image\/","url":"https:\/\/www.twinlion.com.tr\/wp-content\/uploads\/2026\/03\/twin-lion-logo-new2.png","contentUrl":"https:\/\/www.twinlion.com.tr\/wp-content\/uploads\/2026\/03\/twin-lion-logo-new2.png","width":1000,"height":700,"caption":"Twin Lion"},"image":{"@id":"https:\/\/www.twinlion.com.tr\/#\/schema\/logo\/image\/"},"sameAs":["https:\/\/www.instagram.com\/twinlionofficial","https:\/\/l.instagram.com\/?u=httpst.me7mO1-FZir8QwZDE0utm_sourceigutm_mediumsocialutm_contentlink_in_biofbclidPAZXh0bgNhZW0CMTEAc3J0YwZhcHBfaWQMMjU2MjgxMDQwNTU4AAGn7MC7FqmQ-sCqMBzN3uftTraPaZ9AoKCSZK_5WPAmveBH8Z0RYF2nyaPrHZE_aem_vk9Kwd8uqx33GBFNVd6TmQ&e=AT2uRgoFCTB1_5nfKv_I15FA5KLhJhlkFKc1hAts5ghJRqz2JSZIUf8t6a5TBwbdVZbaow2o02isC9oRlkxPgIhkqGOpPgDeMsEOvjrL9Q"]}]}},"_links":{"self":[{"href":"https:\/\/www.twinlion.com.tr\/en\/wp-json\/wp\/v2\/pages\/29167","targetHints":{"allow":["GET"]}}],"collection":[{"href":"https:\/\/www.twinlion.com.tr\/en\/wp-json\/wp\/v2\/pages"}],"about":[{"href":"https:\/\/www.twinlion.com.tr\/en\/wp-json\/wp\/v2\/types\/page"}],"author":[{"embeddable":true,"href":"https:\/\/www.twinlion.com.tr\/en\/wp-json\/wp\/v2\/users\/1"}],"replies":[{"embeddable":true,"href":"https:\/\/www.twinlion.com.tr\/en\/wp-json\/wp\/v2\/comments?post=29167"}],"version-history":[{"count":16,"href":"https:\/\/www.twinlion.com.tr\/en\/wp-json\/wp\/v2\/pages\/29167\/revisions"}],"predecessor-version":[{"id":29688,"href":"https:\/\/www.twinlion.com.tr\/en\/wp-json\/wp\/v2\/pages\/29167\/revisions\/29688"}],"up":[{"embeddable":true,"href":"https:\/\/www.twinlion.com.tr\/en\/wp-json\/wp\/v2\/pages\/29022"}],"wp:attachment":[{"href":"https:\/\/www.twinlion.com.tr\/en\/wp-json\/wp\/v2\/media?parent=29167"}],"curies":[{"name":"wp","href":"https:\/\/api.w.org\/{rel}","templated":true}]}}